{"id":8875,"date":"2025-01-20T12:30:44","date_gmt":"2025-01-20T18:30:44","guid":{"rendered":"https:\/\/genero.congresocdmx.gob.mx\/?page_id=8875"},"modified":"2025-01-20T12:30:44","modified_gmt":"2025-01-20T18:30:44","slug":"seguimiento-a-la-implementacion-del-protocolo-para-fortalecer-la-igualdad-sustantiva-y-no-discriminacion-en-el-congreso-de-la-ciudad-de-mexico","status":"publish","type":"page","link":"https:\/\/genero.congresocdmx.gob.mx\/index.php\/seguimiento-a-la-implementacion-del-protocolo-para-fortalecer-la-igualdad-sustantiva-y-no-discriminacion-en-el-congreso-de-la-ciudad-de-mexico\/","title":{"rendered":"Seguimiento a la implementaci\u00f3n del Protocolo para Fortalecer la Igualdad Sustantiva y No discriminaci\u00f3n en el Congreso de la Ciudad de M\u00e9xico"},"content":{"rendered":"\n<div class=\"wp-block-columns is-layout-flex wp-container-core-columns-is-layout-9d6595d7 wp-block-columns-is-layout-flex\">\n<div class=\"wp-block-column is-layout-flow wp-block-column-is-layout-flow\">\n<figure class=\"wp-block-image size-large\"><img loading=\"lazy\" decoding=\"async\" width=\"1024\" height=\"576\" src=\"https:\/\/genero.congresocdmx.gob.mx\/wp-content\/uploads\/2021\/08\/Imagen1-1-1024x576.png\" alt=\"\" class=\"wp-image-7259\" srcset=\"https:\/\/genero.congresocdmx.gob.mx\/wp-content\/uploads\/2021\/08\/Imagen1-1-1024x576.png 1024w, https:\/\/genero.congresocdmx.gob.mx\/wp-content\/uploads\/2021\/08\/Imagen1-1-300x169.png 300w, https:\/\/genero.congresocdmx.gob.mx\/wp-content\/uploads\/2021\/08\/Imagen1-1-768x432.png 768w, https:\/\/genero.congresocdmx.gob.mx\/wp-content\/uploads\/2021\/08\/Imagen1-1-1536x864.png 1536w, https:\/\/genero.congresocdmx.gob.mx\/wp-content\/uploads\/2021\/08\/Imagen1-1-1140x641.png 1140w, https:\/\/genero.congresocdmx.gob.mx\/wp-content\/uploads\/2021\/08\/Imagen1-1.png 1920w\" sizes=\"auto, (max-width: 1024px) 100vw, 1024px\" \/><\/figure>\n<\/div>\n\n\n\n<div class=\"wp-block-column is-layout-flow wp-block-column-is-layout-flow\">\n<div class=\"wp-block-buttons is-layout-flex wp-block-buttons-is-layout-flex\">\n<div class=\"wp-block-button\"><a class=\"wp-block-button__link\" href=\"https:\/\/genero.congresocdmx.gob.mx\/wp-content\/uploads\/2025\/01\/Implementacion-del-Protocolo-2do-semestre-de-2024.xls\">DESCARGA<\/a><\/div>\n<\/div>\n<\/div>\n<\/div>\n","protected":false},"excerpt":{"rendered":"","protected":false},"author":5,"featured_media":0,"parent":0,"menu_order":0,"comment_status":"closed","ping_status":"closed","template":"","meta":{"footnotes":""},"class_list":["post-8875","page","type-page","status-publish","hentry"],"_links":{"self":[{"href":"https:\/\/genero.congresocdmx.gob.mx\/index.php\/wp-json\/wp\/v2\/pages\/8875","targetHints":{"allow":["GET"]}}],"collection":[{"href":"https:\/\/genero.congresocdmx.gob.mx\/index.php\/wp-json\/wp\/v2\/pages"}],"about":[{"href":"https:\/\/genero.congresocdmx.gob.mx\/index.php\/wp-json\/wp\/v2\/types\/page"}],"author":[{"embeddable":true,"href":"https:\/\/genero.congresocdmx.gob.mx\/index.php\/wp-json\/wp\/v2\/users\/5"}],"replies":[{"embeddable":true,"href":"https:\/\/genero.congresocdmx.gob.mx\/index.php\/wp-json\/wp\/v2\/comments?post=8875"}],"version-history":[{"count":1,"href":"https:\/\/genero.congresocdmx.gob.mx\/index.php\/wp-json\/wp\/v2\/pages\/8875\/revisions"}],"predecessor-version":[{"id":8877,"href":"https:\/\/genero.congresocdmx.gob.mx\/index.php\/wp-json\/wp\/v2\/pages\/8875\/revisions\/8877"}],"wp:attachment":[{"href":"https:\/\/genero.congresocdmx.gob.mx\/index.php\/wp-json\/wp\/v2\/media?parent=8875"}],"curies":[{"name":"wp","href":"https:\/\/api.w.org\/{rel}","templated":true}]}}