{"id":8869,"date":"2025-01-20T12:16:10","date_gmt":"2025-01-20T18:16:10","guid":{"rendered":"https:\/\/genero.congresocdmx.gob.mx\/?page_id=8869"},"modified":"2025-01-20T12:22:12","modified_gmt":"2025-01-20T18:22:12","slug":"seguimiento-a-politicas-publicas-y-programas-presupuestales","status":"publish","type":"page","link":"https:\/\/genero.congresocdmx.gob.mx\/index.php\/seguimiento-a-politicas-publicas-y-programas-presupuestales\/","title":{"rendered":"Seguimiento a Pol\u00edticas P\u00fablicas y Programas Presupuestales"},"content":{"rendered":"\n<p>El Centro de Estudios Legislativos para la Igualdad de G\u00e9nero al que refiere la Ley, es un \u00e1rea t\u00e9cnica que apoyar\u00e1 las actividades legislativas en materia de derechos humanos de las mujeres, teniendo a cargo realizar investigaciones y estudios sobre la situaci\u00f3n de las mujeres y los hombres en la Ciudad de M\u00e9xico.<\/p>\n\n\n\n<p class=\"has-text-align-left\">Entre las obligaciones del CELIG est\u00e1 la de realizar seguimiento puntual y exhaustivo a las pol\u00edticas p\u00fablicas implementadas por el Poder Ejecutivo local para alcanzar la igualdad de g\u00e9nero, y \u00a0difundir de manera peri\u00f3dica, sistematizada y mediante indicadores que permitan identificar el avance de las metas y objetivos de los programas presupuestarios orientados a cerrar las brechas de desigualdad entre hombres y mujeres, as\u00ed como de las pol\u00edticas p\u00fablicas implementadas por el Poder Ejecutivo Local, lo anterior con base en el art\u00edculo 508 fracciones VIII y IX del Reglamento del Congreso de la Ciudad de M\u00e9xico.<\/p>\n\n\n\n<div class=\"wp-block-columns is-layout-flex wp-container-core-columns-is-layout-9d6595d7 wp-block-columns-is-layout-flex\">\n<div class=\"wp-block-column is-layout-flow wp-block-column-is-layout-flow\">\n<p>Seguimiento a las Pol\u00edticas P\u00fablicas en Materia de Igualdad Sustantiva del Gobierno de la Ciudad 2023-2024<\/p>\n<\/div>\n\n\n\n<div class=\"wp-block-column is-layout-flow wp-block-column-is-layout-flow\">\n<div class=\"wp-block-buttons is-layout-flex wp-block-buttons-is-layout-flex\">\n<div class=\"wp-block-button\"><a class=\"wp-block-button__link\" href=\"https:\/\/genero.congresocdmx.gob.mx\/wp-content\/uploads\/2025\/01\/Seguimiento-a-las-Politicas-Publicas-en-Materia-de-Igualdad-Sustantiva-deL-Gobierno-de-la-Ciudad-2023-2024.pdf\">DESCARGAR<\/a><\/div>\n<\/div>\n<\/div>\n<\/div>\n\n\n\n<div class=\"wp-block-columns is-layout-flex wp-container-core-columns-is-layout-9d6595d7 wp-block-columns-is-layout-flex\">\n<div class=\"wp-block-column is-layout-flow wp-block-column-is-layout-flow\">\n<p>Seguimiento a los 25 Compromisos de la Jefatura de Gobierna en materia de Igualdad Sustantiva referentes a la estrategia &#8220;Siempre Vivas, Libres, Poderosas e Iguales&#8221;<\/p>\n<\/div>\n\n\n\n<div class=\"wp-block-column is-layout-flow wp-block-column-is-layout-flow\">\n<div class=\"wp-block-buttons is-layout-flex wp-block-buttons-is-layout-flex\">\n<div class=\"wp-block-button\"><a class=\"wp-block-button__link\" href=\"https:\/\/genero.congresocdmx.gob.mx\/wp-content\/uploads\/2025\/01\/25-Compromisos-de-la-Jefa-de-Gobierno-Clara-Brugada-en-Materia-de-Igualdad-Sustantiva.pdf\">DESCARGAR<\/a><\/div>\n<\/div>\n<\/div>\n<\/div>\n","protected":false},"excerpt":{"rendered":"<p>El Centro de Estudios Legislativos para la Igualdad de G\u00e9nero al que refiere la Ley, es un \u00e1rea t\u00e9cnica que apoyar\u00e1 las actividades legislativas en materia de derechos humanos de las mujeres, teniendo a cargo realizar investigaciones y estudios sobre la situaci\u00f3n de las mujeres y los hombres en la Ciudad de M\u00e9xico. Entre las obligaciones del CELIG est\u00e1 la de realizar seguimiento puntual y exhaustivo a las pol\u00edticas p\u00fablicas implementadas por el Poder Ejecutivo local para alcanzar la igualdad de g\u00e9nero, y \u00a0difundir de manera peri\u00f3dica, sistematizada y mediante indicadores que permitan identificar el avance de las metas y objetivos de los programas presupuestarios orientados a cerrar las brechas de desigualdad entre hombres y mujeres, as\u00ed como de las pol\u00edticas p\u00fablicas implementadas por el Poder Ejecutivo Local, lo anterior con base en el art\u00edculo 508 fracciones VIII y IX del Reglamento del Congreso de la Ciudad de M\u00e9xico. Seguimiento a las Pol\u00edticas P\u00fablicas en Materia de Igualdad Sustantiva del Gobierno de la Ciudad 2023-2024 Seguimiento a los 25 Compromisos de la Jefatura de Gobierna en materia de Igualdad Sustantiva referentes a la estrategia &#8220;Siempre Vivas, Libres, Poderosas e Iguales&#8221;<\/p>\n","protected":false},"author":5,"featured_media":0,"parent":0,"menu_order":0,"comment_status":"closed","ping_status":"closed","template":"","meta":{"footnotes":""},"class_list":["post-8869","page","type-page","status-publish","hentry"],"_links":{"self":[{"href":"https:\/\/genero.congresocdmx.gob.mx\/index.php\/wp-json\/wp\/v2\/pages\/8869","targetHints":{"allow":["GET"]}}],"collection":[{"href":"https:\/\/genero.congresocdmx.gob.mx\/index.php\/wp-json\/wp\/v2\/pages"}],"about":[{"href":"https:\/\/genero.congresocdmx.gob.mx\/index.php\/wp-json\/wp\/v2\/types\/page"}],"author":[{"embeddable":true,"href":"https:\/\/genero.congresocdmx.gob.mx\/index.php\/wp-json\/wp\/v2\/users\/5"}],"replies":[{"embeddable":true,"href":"https:\/\/genero.congresocdmx.gob.mx\/index.php\/wp-json\/wp\/v2\/comments?post=8869"}],"version-history":[{"count":2,"href":"https:\/\/genero.congresocdmx.gob.mx\/index.php\/wp-json\/wp\/v2\/pages\/8869\/revisions"}],"predecessor-version":[{"id":8874,"href":"https:\/\/genero.congresocdmx.gob.mx\/index.php\/wp-json\/wp\/v2\/pages\/8869\/revisions\/8874"}],"wp:attachment":[{"href":"https:\/\/genero.congresocdmx.gob.mx\/index.php\/wp-json\/wp\/v2\/media?parent=8869"}],"curies":[{"name":"wp","href":"https:\/\/api.w.org\/{rel}","templated":true}]}}