{"id":787,"date":"2019-07-29T12:24:32","date_gmt":"2019-07-29T17:24:32","guid":{"rendered":"http:\/\/genero.congresocdmx.gob.mx\/?page_id=787"},"modified":"2026-04-11T01:10:23","modified_gmt":"2026-04-11T07:10:23","slug":"programa-anual-de-trabajo-2019","status":"publish","type":"page","link":"https:\/\/genero.congresocdmx.gob.mx\/index.php\/programa-anual-de-trabajo-2019\/","title":{"rendered":"Programa de Trabajo Anual"},"content":{"rendered":"\n<p class=\"has-medium-font-size\"><strong>Programa de Trabajo Anual <\/strong>(PTA)<\/p>\n\n\n\n<hr class=\"wp-block-separator has-css-opacity\"\/>\n\n\n\n<p>El Congreso de la Ciudad de M\u00e9xico aprob\u00f3 en mayo de 2018, la creaci\u00f3n del Centro de Estudios Legislativos para la Igualdad de G\u00e9nero y este inici\u00f3 operaciones el primero de enero de 2019.<\/p>\n\n\n\n<p>El Programa de Trabajo Anual del Centro de Estudios Legislativos para la Igualdad de G\u00e9nero considera el objetivo siguiente:<\/p>\n\n\n\n<div style=\"height:20px\" aria-hidden=\"true\" class=\"wp-block-spacer\"><\/div>\n\n\n\n<p><em>Establecer, coordinar, sistematizar, elaborar y difundir investigaciones y estudios sobre la situaci\u00f3n de las mujeres y los hombres en la Ciudad de M\u00e9xico, con la finalidad de apoyar t\u00e9cnicamente el trabajo legislativo para el avance de la igualdad de g\u00e9nero y los derechos humanos de las mujeres, de manera objetiva, imparcial y oportuna.<\/em><\/p>\n\n\n\n<div style=\"height:20px\" aria-hidden=\"true\" class=\"wp-block-spacer\"><\/div>\n\n\n\n<p><\/p>\n\n\n\n<hr class=\"wp-block-separator has-css-opacity\"\/>\n\n\n\n<div class=\"wp-block-columns is-layout-flex wp-container-core-columns-is-layout-9d6595d7 wp-block-columns-is-layout-flex\"><\/div>\n\n\n\n<div class=\"wp-block-columns is-layout-flex wp-container-core-columns-is-layout-9d6595d7 wp-block-columns-is-layout-flex\">\n<div class=\"wp-block-column is-layout-flow wp-block-column-is-layout-flow\"><\/div>\n<\/div>\n\n\n\n<div class=\"wp-block-columns is-layout-flex wp-container-core-columns-is-layout-9d6595d7 wp-block-columns-is-layout-flex\">\n<div class=\"wp-block-column is-layout-flow wp-block-column-is-layout-flow\">\n<p>Programa de Trabajo Anual 2026<\/p>\n<\/div>\n\n\n\n<div class=\"wp-block-column is-layout-flow wp-block-column-is-layout-flow\">\n<div class=\"wp-block-buttons is-layout-flex wp-block-buttons-is-layout-flex\">\n<div class=\"wp-block-button\"><a class=\"wp-block-button__link wp-element-button\" href=\"https:\/\/genero.congresocdmx.gob.mx\/wp-content\/uploads\/2026\/04\/PTA-ANUAL-2026.pdf\">Ver archivo<\/a><\/div>\n<\/div>\n<\/div>\n<\/div>\n\n\n\n<div class=\"wp-block-columns is-layout-flex wp-container-core-columns-is-layout-9d6595d7 wp-block-columns-is-layout-flex\">\n<div class=\"wp-block-column is-layout-flow wp-block-column-is-layout-flow\">\n<p>Programa de Trabajo Anual 2025<\/p>\n<\/div>\n\n\n\n<div class=\"wp-block-column is-layout-flow wp-block-column-is-layout-flow\">\n<div class=\"wp-block-buttons is-layout-flex wp-block-buttons-is-layout-flex\">\n<div class=\"wp-block-button\"><a class=\"wp-block-button__link wp-element-button\" href=\"https:\/\/genero.congresocdmx.gob.mx\/wp-content\/uploads\/2025\/01\/Programa-de-Trabajo-Anual-2025.pdf\">Ver archivo<\/a><\/div>\n<\/div>\n<\/div>\n<\/div>\n\n\n\n<p>Programa Anual de Trabajo 2024 <a href=\"https:\/\/genero.congresocdmx.gob.mx\/wp-content\/uploads\/2024\/02\/CELIG-PTA-2024-FEB-21-2024-corregidoderecho.pdf\">Ver archivo<\/a><\/p>\n\n\n\n<p>Programa Anual de Trabajo 2023 <a href=\"https:\/\/genero.congresocdmx.gob.mx\/wp-content\/uploads\/2023\/02\/CELIG.PTA-2023-1.pdf\">Ver archivo<\/a> <\/p>\n\n\n\n<p>Programa Anual de Trabajo 2022<a href=\"https:\/\/genero.congresocdmx.gob.mx\/wp-content\/uploads\/2022\/03\/PTA-CELIG-2022.pdf\" data-type=\"URL\" data-id=\"https:\/\/genero.congresocdmx.gob.mx\/wp-content\/uploads\/2022\/03\/PTA-CELIG-2022.pdf\"> Ver Archivo<\/a><\/p>\n\n\n\n<p>Programa de Trabajo Anual 2021 <a rel=\"noreferrer noopener\" href=\"https:\/\/genero.congresocdmx.gob.mx\/wp-content\/uploads\/2022\/03\/CELIG.PTA-2021-2021.02.09-copia.pdf\" target=\"_blank\">Ver Archivo<\/a><\/p>\n\n\n\n<p>Programa de Trabajo Anual 2020 <a rel=\"noreferrer noopener\" aria-label=\"Ver archivo (abre en una nueva pesta\u00f1a)\" href=\"https:\/\/genero.congresocdmx.gob.mx\/wp-content\/uploads\/2020\/03\/Prog-Trab-Anual-2020.pdf\" target=\"_blank\">Ver archivo<\/a><\/p>\n\n\n\n<p class=\"has-medium-font-size\">Programa de Trabajo Anual 2019 <a href=\"https:\/\/genero.congresocdmx.gob.mx\/wp-content\/uploads\/2019\/06\/CELIG-PTA2019.pdf\" target=\"_blank\" rel=\"noreferrer noopener\" aria-label=\"Ver archivo (abre en una nueva pesta\u00f1a)\">Ver archivo<\/a><\/p>\n\n\n\n<p><\/p>\n","protected":false},"excerpt":{"rendered":"<p>Programa de Trabajo Anual (PTA) El Congreso de la Ciudad de M\u00e9xico aprob\u00f3 en mayo de 2018, la creaci\u00f3n del Centro de Estudios Legislativos para la Igualdad de G\u00e9nero y este inici\u00f3 operaciones el primero de enero de 2019. El Programa de Trabajo Anual del Centro de Estudios Legislativos para la Igualdad de G\u00e9nero considera el objetivo siguiente: Establecer, coordinar, sistematizar, elaborar y difundir investigaciones y estudios sobre la situaci\u00f3n de las mujeres y los hombres en la Ciudad de M\u00e9xico, con la finalidad de apoyar t\u00e9cnicamente el trabajo legislativo para el avance de la igualdad de g\u00e9nero y los derechos humanos de las mujeres, de manera objetiva, imparcial y oportuna. Programa de Trabajo Anual 2026 Programa de Trabajo Anual 2025 Programa Anual de Trabajo 2024 Ver archivo Programa Anual de Trabajo 2023 Ver archivo Programa Anual de Trabajo 2022 Ver Archivo Programa de Trabajo Anual 2021 Ver Archivo Programa de Trabajo Anual 2020 Ver archivo Programa de Trabajo Anual 2019 Ver archivo<\/p>\n","protected":false},"author":1,"featured_media":0,"parent":0,"menu_order":0,"comment_status":"closed","ping_status":"closed","template":"","meta":{"footnotes":""},"class_list":["post-787","page","type-page","status-publish","hentry"],"_links":{"self":[{"href":"https:\/\/genero.congresocdmx.gob.mx\/index.php\/wp-json\/wp\/v2\/pages\/787","targetHints":{"allow":["GET"]}}],"collection":[{"href":"https:\/\/genero.congresocdmx.gob.mx\/index.php\/wp-json\/wp\/v2\/pages"}],"about":[{"href":"https:\/\/genero.congresocdmx.gob.mx\/index.php\/wp-json\/wp\/v2\/types\/page"}],"author":[{"embeddable":true,"href":"https:\/\/genero.congresocdmx.gob.mx\/index.php\/wp-json\/wp\/v2\/users\/1"}],"replies":[{"embeddable":true,"href":"https:\/\/genero.congresocdmx.gob.mx\/index.php\/wp-json\/wp\/v2\/comments?post=787"}],"version-history":[{"count":27,"href":"https:\/\/genero.congresocdmx.gob.mx\/index.php\/wp-json\/wp\/v2\/pages\/787\/revisions"}],"predecessor-version":[{"id":9425,"href":"https:\/\/genero.congresocdmx.gob.mx\/index.php\/wp-json\/wp\/v2\/pages\/787\/revisions\/9425"}],"wp:attachment":[{"href":"https:\/\/genero.congresocdmx.gob.mx\/index.php\/wp-json\/wp\/v2\/media?parent=787"}],"curies":[{"name":"wp","href":"https:\/\/api.w.org\/{rel}","templated":true}]}}