{"id":744,"date":"2019-07-15T19:20:05","date_gmt":"2019-07-16T00:20:05","guid":{"rendered":"http:\/\/genero.congresocdmx.gob.mx\/?page_id=744"},"modified":"2021-01-20T17:51:22","modified_gmt":"2021-01-20T23:51:22","slug":"hojasinformativas","status":"publish","type":"page","link":"https:\/\/genero.congresocdmx.gob.mx\/index.php\/hojasinformativas\/","title":{"rendered":"Hojas informativas"},"content":{"rendered":"\n<h2 class=\"wp-block-heading\">Hojas informativas<\/h2>\n\n\n\n<hr class=\"wp-block-separator\"\/>\n\n\n\n<p><strong>Autonom\u00eda econ\u00f3mica de las mujeres<\/strong><\/p>\n\n\n\n<div class=\"wp-block-media-text alignwide has-media-on-the-right is-stacked-on-mobile\" style=\"grid-template-columns:auto 47%\"><figure class=\"wp-block-media-text__media\"><img loading=\"lazy\" decoding=\"async\" width=\"1024\" height=\"1024\" src=\"https:\/\/genero.congresocdmx.gob.mx\/wp-content\/uploads\/2021\/01\/FB_AUTONOMIA-1024x1024.png\" alt=\"\" class=\"wp-image-6846\" srcset=\"https:\/\/genero.congresocdmx.gob.mx\/wp-content\/uploads\/2021\/01\/FB_AUTONOMIA-1024x1024.png 1024w, https:\/\/genero.congresocdmx.gob.mx\/wp-content\/uploads\/2021\/01\/FB_AUTONOMIA-300x300.png 300w, https:\/\/genero.congresocdmx.gob.mx\/wp-content\/uploads\/2021\/01\/FB_AUTONOMIA-150x150.png 150w, https:\/\/genero.congresocdmx.gob.mx\/wp-content\/uploads\/2021\/01\/FB_AUTONOMIA-768x768.png 768w, https:\/\/genero.congresocdmx.gob.mx\/wp-content\/uploads\/2021\/01\/FB_AUTONOMIA-1536x1536.png 1536w, https:\/\/genero.congresocdmx.gob.mx\/wp-content\/uploads\/2021\/01\/FB_AUTONOMIA-2048x2048.png 2048w, https:\/\/genero.congresocdmx.gob.mx\/wp-content\/uploads\/2021\/01\/FB_AUTONOMIA-1140x1140.png 1140w, https:\/\/genero.congresocdmx.gob.mx\/wp-content\/uploads\/2021\/01\/FB_AUTONOMIA-75x75.png 75w, https:\/\/genero.congresocdmx.gob.mx\/wp-content\/uploads\/2021\/01\/FB_AUTONOMIA-45x45.png 45w\" sizes=\"auto, (max-width: 1024px) 100vw, 1024px\" \/><\/figure><div class=\"wp-block-media-text__content\">\n<p class=\"has-normal-font-size\">La construcci\u00f3n de la autonom\u00eda econ\u00f3mica contribuye a cerrar las brechas de desigualdad econ\u00f3mica de las mujeres por lo que se necesita una serie de acciones que requieren de la intervenci\u00f3n legislativa para el impulso de iniciativas que mejoren las condiciones laborales, salariales, de participaci\u00f3n econ\u00f3mica y del reparto de cuidados.<\/p>\n\n\n\n<p><a href=\"https:\/\/genero.congresocdmx.gob.mx\/wp-content\/uploads\/2021\/01\/12.CELIG-HI-AutoEcoMuj-20201231.pdf\" target=\"_blank\" rel=\"noreferrer noopener\">Ir a la nota<\/a><\/p>\n<\/div><\/div>\n\n\n\n<hr class=\"wp-block-separator\"\/>\n\n\n\n<h5 class=\"wp-block-heading\"><strong>Agenda 2030 y los Objetivos de Desarrollo Sostenible, Metas e Indicadores<\/strong><\/h5>\n\n\n\n<div class=\"wp-block-media-text alignwide\"><figure class=\"wp-block-media-text__media\"><img loading=\"lazy\" decoding=\"async\" width=\"1024\" height=\"1024\" src=\"https:\/\/genero.congresocdmx.gob.mx\/wp-content\/uploads\/2020\/10\/FB_Agenda-1024x1024.png\" alt=\"\" class=\"wp-image-6537\" srcset=\"https:\/\/genero.congresocdmx.gob.mx\/wp-content\/uploads\/2020\/10\/FB_Agenda-1024x1024.png 1024w, https:\/\/genero.congresocdmx.gob.mx\/wp-content\/uploads\/2020\/10\/FB_Agenda-150x150.png 150w, https:\/\/genero.congresocdmx.gob.mx\/wp-content\/uploads\/2020\/10\/FB_Agenda-300x300.png 300w, https:\/\/genero.congresocdmx.gob.mx\/wp-content\/uploads\/2020\/10\/FB_Agenda-768x768.png 768w, https:\/\/genero.congresocdmx.gob.mx\/wp-content\/uploads\/2020\/10\/FB_Agenda-1140x1140.png 1140w, https:\/\/genero.congresocdmx.gob.mx\/wp-content\/uploads\/2020\/10\/FB_Agenda-75x75.png 75w, https:\/\/genero.congresocdmx.gob.mx\/wp-content\/uploads\/2020\/10\/FB_Agenda-45x45.png 45w\" sizes=\"auto, (max-width: 1024px) 100vw, 1024px\" \/><\/figure><div class=\"wp-block-media-text__content\">\n<p>El objetivo es presentar la informaci\u00f3n b\u00e1sica de la Agenda, los ODS y ahondar sobre los instrumentos desarrollados para medir el avance de los Objetivos y sus Metas: los Indicadores. <\/p>\n\n\n\n<p><a href=\"https:\/\/genero.congresocdmx.gob.mx\/wp-content\/uploads\/2020\/10\/6-CELIG-HI-Agenda2030-2020.08.31.pdf\" target=\"_blank\" rel=\"noreferrer noopener\" aria-label=\"Ir a la nota (abre en una nueva pesta\u00f1a)\">Ir a la nota<\/a><\/p>\n<\/div><\/div>\n\n\n\n<hr class=\"wp-block-separator\"\/>\n\n\n\n<h5 class=\"wp-block-heading\">Estrategia de Montevideo para la Implementaci\u00f3n de la Agenda Regional de G\u00e9nero en el Marco del Desarrollo Sostenible hacia 2030 <\/h5>\n\n\n\n<div class=\"wp-block-media-text alignwide\" style=\"grid-template-columns:18% auto\"><figure class=\"wp-block-media-text__media\"><img loading=\"lazy\" decoding=\"async\" width=\"222\" height=\"314\" src=\"https:\/\/genero.congresocdmx.gob.mx\/wp-content\/uploads\/2020\/07\/Imagen-1-2.png\" alt=\"\" class=\"wp-image-4360\" srcset=\"https:\/\/genero.congresocdmx.gob.mx\/wp-content\/uploads\/2020\/07\/Imagen-1-2.png 222w, https:\/\/genero.congresocdmx.gob.mx\/wp-content\/uploads\/2020\/07\/Imagen-1-2-212x300.png 212w\" sizes=\"auto, (max-width: 222px) 100vw, 222px\" \/><\/figure><div class=\"wp-block-media-text__content\">\n<p>La Estrategia es un instrumento pol\u00edtico-t\u00e9cnico que busca orientar a los Estados para hacer realidad los compromisos regionales e internacionales y alcanzar, as\u00ed, los Objetivos de Desarrollo Sostenible en la regi\u00f3n. El Poder Legislativo es un actor estrat\u00e9gico para atender las medidas establecidas en la Estrategia, a trav\u00e9s de sus funciones de fiscalizaci\u00f3n, examen, discusi\u00f3n y aprobaci\u00f3n del presupuesto y gasto p\u00fablico de la Ciudad.<\/p>\n\n\n\n<p><a href=\"https:\/\/genero.congresocdmx.gob.mx\/wp-content\/uploads\/2020\/07\/7-5.2.CELIG-HojaInfo-EstrategiaMVD-2020.07.10.pdf\" target=\"_blank\" rel=\"noreferrer noopener\" aria-label=\"Ir a la nota...  (abre en una nueva pesta\u00f1a)\">Ir a la nota&#8230; <\/a><\/p>\n<\/div><\/div>\n\n\n\n<hr class=\"wp-block-separator\"\/>\n\n\n\n<h4 class=\"wp-block-heading\">Consenso de Montevideo sobre Poblaci\u00f3n y Desarrollo<\/h4>\n\n\n\n<div class=\"wp-block-media-text alignwide\" style=\"grid-template-columns:17% auto\"><figure class=\"wp-block-media-text__media\"><img loading=\"lazy\" decoding=\"async\" width=\"760\" height=\"1024\" src=\"https:\/\/genero.congresocdmx.gob.mx\/wp-content\/uploads\/2020\/04\/Captura-de-Pantalla-2020-04-17-a-las-20.23.27-760x1024.png\" alt=\"\" class=\"wp-image-3856\" srcset=\"https:\/\/genero.congresocdmx.gob.mx\/wp-content\/uploads\/2020\/04\/Captura-de-Pantalla-2020-04-17-a-las-20.23.27-760x1024.png 760w, https:\/\/genero.congresocdmx.gob.mx\/wp-content\/uploads\/2020\/04\/Captura-de-Pantalla-2020-04-17-a-las-20.23.27-223x300.png 223w, https:\/\/genero.congresocdmx.gob.mx\/wp-content\/uploads\/2020\/04\/Captura-de-Pantalla-2020-04-17-a-las-20.23.27-768x1035.png 768w, https:\/\/genero.congresocdmx.gob.mx\/wp-content\/uploads\/2020\/04\/Captura-de-Pantalla-2020-04-17-a-las-20.23.27-1140x1536.png 1140w, https:\/\/genero.congresocdmx.gob.mx\/wp-content\/uploads\/2020\/04\/Captura-de-Pantalla-2020-04-17-a-las-20.23.27.png 1306w\" sizes=\"auto, (max-width: 760px) 100vw, 760px\" \/><\/figure><div class=\"wp-block-media-text__content\">\n<p>Como resultado de la Primera reuni\u00f3n de la Conferencia Regional sobre Poblaci\u00f3n y Desarrollo de Am\u00e9rica Latina y el Caribe el Consenso busca reconocer los avances en materia de poblaci\u00f3n y desarrollo en Am\u00e9rica Latina y el Caribe durante los \u00faltimos 20 a\u00f1os e identificar los desaf\u00edos y las medidas fundamentales para reforzar su implementaci\u00f3n. <\/p>\n\n\n\n<p><a href=\"https:\/\/genero.congresocdmx.gob.mx\/wp-content\/uploads\/2020\/04\/CELIG-HojaInfoConsensoMontevideo-20200331.pdf\" target=\"_blank\" rel=\"noreferrer noopener\" aria-label=\"Ir a la nota... (abre en una nueva pesta\u00f1a)\">Ir a la nota&#8230;<\/a><\/p>\n<\/div><\/div>\n\n\n\n<hr class=\"wp-block-separator\"\/>\n\n\n\n<h4 class=\"wp-block-heading\">Nota informativa sobre el Dictamen con Proyecto de Decreto por el que se reforman y adicionan, diversas disposiciones del C\u00f3digo Penal del Distrito Federal y de la Ley de Cultura C\u00edvica de la Ciudad de M\u00e9xico, en materia de feminicidio<\/h4>\n\n\n\n<div class=\"wp-block-media-text alignwide\" style=\"grid-template-columns:23% auto\"><figure class=\"wp-block-media-text__media\"><img loading=\"lazy\" decoding=\"async\" width=\"1024\" height=\"573\" src=\"http:\/\/genero.congresocdmx.gob.mx\/wp-content\/uploads\/2019\/07\/Captura-de-pantalla-2019-07-31-a-las-13.29.14-1024x573.png\" alt=\"\" class=\"wp-image-830\" srcset=\"https:\/\/genero.congresocdmx.gob.mx\/wp-content\/uploads\/2019\/07\/Captura-de-pantalla-2019-07-31-a-las-13.29.14-1024x573.png 1024w, https:\/\/genero.congresocdmx.gob.mx\/wp-content\/uploads\/2019\/07\/Captura-de-pantalla-2019-07-31-a-las-13.29.14-300x168.png 300w, https:\/\/genero.congresocdmx.gob.mx\/wp-content\/uploads\/2019\/07\/Captura-de-pantalla-2019-07-31-a-las-13.29.14-768x430.png 768w, https:\/\/genero.congresocdmx.gob.mx\/wp-content\/uploads\/2019\/07\/Captura-de-pantalla-2019-07-31-a-las-13.29.14.png 1092w\" sizes=\"auto, (max-width: 1024px) 100vw, 1024px\" \/><\/figure><div class=\"wp-block-media-text__content\">\n<p>Las modificaciones al tipo penal de Feminicidio fueron realizadas considerando que:&nbsp;En el caso del feminicidio que es una de las violaciones m\u00e1s graves a los derechos humanos de las mujeres y las ni\u00f1as, as\u00ed como una de las manifestaciones m\u00e1s extremas de discriminaci\u00f3n y violencia en su contra.<\/p>\n\n\n\n<p><a href=\"http:\/\/genero.congresocdmx.gob.mx\/wp-content\/uploads\/2019\/07\/Nota-informativa-sobre-Dictamen-del-Co\u0301digo-Penal-y-la-Ley-de-Cultura.pdf\" target=\"_blank\" rel=\"noreferrer noopener\" aria-label=\"Ir a la nota... (abre en una nueva pesta\u00f1a)\">Ir a la nota&#8230;<\/a><\/p>\n<\/div><\/div>\n\n\n\n<hr class=\"wp-block-separator\"\/>\n\n\n\n<h4 class=\"wp-block-heading\">Nota informativa sobre la sesi\u00f3n del Parlamento de Mujeres<\/h4>\n\n\n\n<div class=\"wp-block-media-text alignwide\" style=\"grid-template-columns:23% auto\"><figure class=\"wp-block-media-text__media\"><img loading=\"lazy\" decoding=\"async\" width=\"853\" height=\"1024\" src=\"https:\/\/genero.congresocdmx.gob.mx\/wp-content\/uploads\/2019\/08\/Captura-de-pantalla-2019-08-01-a-las-14.35.27-853x1024.png\" alt=\"\" class=\"wp-image-868\" srcset=\"https:\/\/genero.congresocdmx.gob.mx\/wp-content\/uploads\/2019\/08\/Captura-de-pantalla-2019-08-01-a-las-14.35.27-853x1024.png 853w, https:\/\/genero.congresocdmx.gob.mx\/wp-content\/uploads\/2019\/08\/Captura-de-pantalla-2019-08-01-a-las-14.35.27-250x300.png 250w, https:\/\/genero.congresocdmx.gob.mx\/wp-content\/uploads\/2019\/08\/Captura-de-pantalla-2019-08-01-a-las-14.35.27-768x922.png 768w, https:\/\/genero.congresocdmx.gob.mx\/wp-content\/uploads\/2019\/08\/Captura-de-pantalla-2019-08-01-a-las-14.35.27-1140x1369.png 1140w, https:\/\/genero.congresocdmx.gob.mx\/wp-content\/uploads\/2019\/08\/Captura-de-pantalla-2019-08-01-a-las-14.35.27.png 1229w\" sizes=\"auto, (max-width: 853px) 100vw, 853px\" \/><\/figure><div class=\"wp-block-media-text__content\">\n<p>El Primer Parlamento de Mujeres de la Ciudad de M\u00e9xico se integra por 66 mujeres ciudadanas. La iniciativa surge en la Comisi\u00f3n de Igualdad de G\u00e9nero y tiene como prop\u00f3sito contribuir a empoderar a las mujeres de la capital e impulsar su participaci\u00f3n en el proceso de generaci\u00f3n de propuestas de ley.<\/p>\n\n\n\n<p><a href=\"http:\/\/genero.congresocdmx.gob.mx\/wp-content\/uploads\/2019\/08\/Nota-Parlamento-de-Mujeres-Dictamenes-20190731.pdf\" target=\"_blank\" rel=\"noreferrer noopener\" aria-label=\"Ir a la nota... (abre en una nueva pesta\u00f1a)\">Ir a la nota&#8230;<\/a><\/p>\n<\/div><\/div>\n\n\n\n<hr class=\"wp-block-separator\"\/>\n\n\n\n<h4 class=\"wp-block-heading\">Paridad de g\u00e9nero en todo<\/h4>\n\n\n\n<div class=\"wp-block-media-text alignwide\" style=\"grid-template-columns:22% auto\"><figure class=\"wp-block-media-text__media\"><img loading=\"lazy\" decoding=\"async\" width=\"927\" height=\"1024\" src=\"http:\/\/genero.congresocdmx.gob.mx\/wp-content\/uploads\/2019\/07\/Captura-de-Pantalla-2019-07-23-a-las-11.23.43-927x1024.png\" alt=\"\" class=\"wp-image-782\" srcset=\"https:\/\/genero.congresocdmx.gob.mx\/wp-content\/uploads\/2019\/07\/Captura-de-Pantalla-2019-07-23-a-las-11.23.43-927x1024.png 927w, https:\/\/genero.congresocdmx.gob.mx\/wp-content\/uploads\/2019\/07\/Captura-de-Pantalla-2019-07-23-a-las-11.23.43-272x300.png 272w, https:\/\/genero.congresocdmx.gob.mx\/wp-content\/uploads\/2019\/07\/Captura-de-Pantalla-2019-07-23-a-las-11.23.43-768x848.png 768w, https:\/\/genero.congresocdmx.gob.mx\/wp-content\/uploads\/2019\/07\/Captura-de-Pantalla-2019-07-23-a-las-11.23.43-1140x1259.png 1140w, https:\/\/genero.congresocdmx.gob.mx\/wp-content\/uploads\/2019\/07\/Captura-de-Pantalla-2019-07-23-a-las-11.23.43.png 1364w\" sizes=\"auto, (max-width: 927px) 100vw, 927px\" \/><\/figure><div class=\"wp-block-media-text__content\">\n<p>El 14 de mayo de 2019 se aprob\u00f3 en el Senado de la Rep\u00fablica el proyecto de decreto por el que se reforman los art\u00edculos 2, 4, 35, 41, 52, 53, 56, 94 y 115 de la Constituci\u00f3n Pol\u00edtica de los Estados Unidos Mexicanos. <\/p>\n\n\n\n<p><a href=\"http:\/\/genero.congresocdmx.gob.mx\/wp-content\/uploads\/2019\/07\/Hoja-informativa-ParidadenTodo-06062019-1.pdf\" target=\"_blank\" rel=\"noreferrer noopener\" aria-label=\" (abre en una nueva pesta\u00f1a)\">Ir a la nota&#8230;<\/a><\/p>\n<\/div><\/div>\n\n\n\n<hr class=\"wp-block-separator\"\/>\n\n\n\n<h4 class=\"wp-block-heading\">El trabajo de cuidados y dom\u00e9stico, una mirada desde el trabajo no remunerado<\/h4>\n\n\n\n<div class=\"wp-block-media-text alignwide\" style=\"grid-template-columns:22% auto\"><figure class=\"wp-block-media-text__media\"><img loading=\"lazy\" decoding=\"async\" width=\"812\" height=\"1024\" src=\"https:\/\/genero.congresocdmx.gob.mx\/wp-content\/uploads\/2019\/10\/Captura-de-Pantalla-2019-10-21-a-las-12.13.53-812x1024.png\" alt=\"\" class=\"wp-image-1487\" srcset=\"https:\/\/genero.congresocdmx.gob.mx\/wp-content\/uploads\/2019\/10\/Captura-de-Pantalla-2019-10-21-a-las-12.13.53-812x1024.png 812w, https:\/\/genero.congresocdmx.gob.mx\/wp-content\/uploads\/2019\/10\/Captura-de-Pantalla-2019-10-21-a-las-12.13.53-238x300.png 238w, https:\/\/genero.congresocdmx.gob.mx\/wp-content\/uploads\/2019\/10\/Captura-de-Pantalla-2019-10-21-a-las-12.13.53-768x968.png 768w, https:\/\/genero.congresocdmx.gob.mx\/wp-content\/uploads\/2019\/10\/Captura-de-Pantalla-2019-10-21-a-las-12.13.53-1140x1437.png 1140w, https:\/\/genero.congresocdmx.gob.mx\/wp-content\/uploads\/2019\/10\/Captura-de-Pantalla-2019-10-21-a-las-12.13.53.png 1366w\" sizes=\"auto, (max-width: 812px) 100vw, 812px\" \/><\/figure><div class=\"wp-block-media-text__content\">\n<p>En M\u00e9xico, el Instituto Nacional de Estad\u00edstica y Geograf\u00eda (INEGI) analiza y da cuenta, a trav\u00e9s de datos y cifras del uso de tiempo destinado a las labores dom\u00e9sticas y de cuidados realizadas por las personas para producir servicios destinados al consumo del hogar, sin obtener un pago o remuneraci\u00f3n, y que est\u00e1n fuera de la producci\u00f3n de la contabilidad nacional.<\/p>\n\n\n\n<p><a href=\"https:\/\/genero.congresocdmx.gob.mx\/wp-content\/uploads\/2019\/10\/CELIG-Hojasobrecuidados-20191007.pdf\" target=\"_blank\" rel=\"noreferrer noopener\" aria-label=\"Ir a la nota... (abre en una nueva pesta\u00f1a)\">Ir a la nota&#8230;<\/a><\/p>\n<\/div><\/div>\n\n\n\n<hr class=\"wp-block-separator\"\/>\n","protected":false},"excerpt":{"rendered":"<p>Hojas informativas Autonom\u00eda econ\u00f3mica de las mujeres La construcci\u00f3n de la autonom\u00eda econ\u00f3mica contribuye a cerrar las brechas de desigualdad econ\u00f3mica de las mujeres por lo que se necesita una serie de acciones que requieren de la intervenci\u00f3n legislativa para el impulso de iniciativas que mejoren las condiciones laborales, salariales, de participaci\u00f3n econ\u00f3mica y del reparto de cuidados. Ir a la nota Agenda 2030 y los Objetivos de Desarrollo Sostenible, Metas e Indicadores El objetivo es presentar la informaci\u00f3n b\u00e1sica de la Agenda, los ODS y ahondar sobre los instrumentos desarrollados para medir el avance de los Objetivos y sus Metas: los Indicadores. Ir a la nota Estrategia de Montevideo para la Implementaci\u00f3n de la Agenda Regional de G\u00e9nero en el Marco del Desarrollo Sostenible hacia 2030 La Estrategia es un instrumento pol\u00edtico-t\u00e9cnico que busca orientar a los Estados para hacer realidad los compromisos regionales e internacionales y alcanzar, as\u00ed, los Objetivos de Desarrollo Sostenible en la regi\u00f3n. El Poder Legislativo es un actor estrat\u00e9gico para atender las medidas establecidas en la Estrategia, a trav\u00e9s de sus funciones de fiscalizaci\u00f3n, examen, discusi\u00f3n y aprobaci\u00f3n del presupuesto y gasto p\u00fablico de la Ciudad. Ir a la nota&#8230; Consenso de Montevideo sobre Poblaci\u00f3n y Desarrollo Como resultado de la Primera reuni\u00f3n de la Conferencia Regional sobre Poblaci\u00f3n y Desarrollo de Am\u00e9rica Latina y el Caribe el Consenso busca reconocer los avances en materia de poblaci\u00f3n y desarrollo en Am\u00e9rica Latina y el Caribe durante los \u00faltimos 20 a\u00f1os e identificar los desaf\u00edos y las medidas fundamentales para reforzar su implementaci\u00f3n. Ir a la nota&#8230; Nota informativa sobre el Dictamen con Proyecto de Decreto por el que se reforman y adicionan, diversas disposiciones del C\u00f3digo Penal del Distrito Federal y de la Ley de Cultura C\u00edvica de la Ciudad de M\u00e9xico, en materia de feminicidio Las modificaciones al tipo penal de Feminicidio fueron realizadas considerando que:&nbsp;En el caso del feminicidio que es una de las violaciones m\u00e1s graves a los derechos humanos de las mujeres y las ni\u00f1as, as\u00ed como una de las manifestaciones m\u00e1s extremas de discriminaci\u00f3n y violencia en su contra. Ir a la nota&#8230; Nota informativa sobre la sesi\u00f3n del Parlamento de Mujeres El Primer Parlamento de Mujeres de la Ciudad de M\u00e9xico se integra por 66 mujeres ciudadanas. La iniciativa surge en la Comisi\u00f3n de Igualdad de G\u00e9nero y tiene como prop\u00f3sito contribuir a empoderar a las mujeres de la capital e impulsar su participaci\u00f3n en el proceso de generaci\u00f3n de propuestas de ley. Ir a la nota&#8230; Paridad de g\u00e9nero en todo El 14 de mayo de 2019 se aprob\u00f3 en el Senado de la Rep\u00fablica el proyecto de decreto por el que se reforman los art\u00edculos 2, 4, 35, 41, 52, 53, 56, 94 y 115 de la Constituci\u00f3n Pol\u00edtica de los Estados Unidos Mexicanos. Ir a la nota&#8230; El trabajo de cuidados y dom\u00e9stico, una mirada desde el trabajo no remunerado En M\u00e9xico, el Instituto Nacional de Estad\u00edstica y Geograf\u00eda (INEGI) analiza y da cuenta, a trav\u00e9s de datos y cifras del uso de tiempo destinado a las labores dom\u00e9sticas y de cuidados realizadas por las personas para producir servicios destinados al consumo del hogar, sin obtener un pago o remuneraci\u00f3n, y que est\u00e1n fuera de la producci\u00f3n de la contabilidad nacional. Ir a la nota&#8230;<\/p>\n","protected":false},"author":1,"featured_media":0,"parent":0,"menu_order":0,"comment_status":"closed","ping_status":"closed","template":"","meta":{"footnotes":""},"class_list":["post-744","page","type-page","status-publish","hentry"],"_links":{"self":[{"href":"https:\/\/genero.congresocdmx.gob.mx\/index.php\/wp-json\/wp\/v2\/pages\/744","targetHints":{"allow":["GET"]}}],"collection":[{"href":"https:\/\/genero.congresocdmx.gob.mx\/index.php\/wp-json\/wp\/v2\/pages"}],"about":[{"href":"https:\/\/genero.congresocdmx.gob.mx\/index.php\/wp-json\/wp\/v2\/types\/page"}],"author":[{"embeddable":true,"href":"https:\/\/genero.congresocdmx.gob.mx\/index.php\/wp-json\/wp\/v2\/users\/1"}],"replies":[{"embeddable":true,"href":"https:\/\/genero.congresocdmx.gob.mx\/index.php\/wp-json\/wp\/v2\/comments?post=744"}],"version-history":[{"count":25,"href":"https:\/\/genero.congresocdmx.gob.mx\/index.php\/wp-json\/wp\/v2\/pages\/744\/revisions"}],"predecessor-version":[{"id":6851,"href":"https:\/\/genero.congresocdmx.gob.mx\/index.php\/wp-json\/wp\/v2\/pages\/744\/revisions\/6851"}],"wp:attachment":[{"href":"https:\/\/genero.congresocdmx.gob.mx\/index.php\/wp-json\/wp\/v2\/media?parent=744"}],"curies":[{"name":"wp","href":"https:\/\/api.w.org\/{rel}","templated":true}]}}