{"id":705,"date":"2019-07-15T14:40:56","date_gmt":"2019-07-15T19:40:56","guid":{"rendered":"http:\/\/genero.congresocdmx.gob.mx\/?page_id=705"},"modified":"2022-07-19T14:59:15","modified_gmt":"2022-07-19T19:59:15","slug":"videos","status":"publish","type":"page","link":"https:\/\/genero.congresocdmx.gob.mx\/index.php\/videos\/","title":{"rendered":"Videos"},"content":{"rendered":"\n<h2 class=\"wp-block-heading\">Videos<\/h2>\n\n\n\n<hr class=\"wp-block-separator\"\/>\n\n\n\n<div class=\"wp-block-columns is-layout-flex wp-container-core-columns-is-layout-9d6595d7 wp-block-columns-is-layout-flex\">\n<div class=\"wp-block-column is-layout-flow wp-block-column-is-layout-flow\">\n<p>Viernes de estad\u00edsticas de g\u00e9nero en el Congreso de la Ciudad de M\u00e9xico. <\/p>\n\n\n\n<p>Sesi\u00f3n del 24 de junio del 2022 <\/p>\n\n\n\n<p>Los hombres y las mujeres en los Censos. SAIC, SCINCE Web<\/p>\n<\/div>\n\n\n\n<div class=\"wp-block-column is-layout-flow wp-block-column-is-layout-flow\">\n<p><\/p>\n\n\n\n<figure class=\"wp-block-video\"><video controls src=\"https:\/\/studio.youtube.com\/video\/gIk6UD5trAM\/edit\"><\/video><\/figure>\n\n\n\n<p><\/p>\n<\/div>\n<\/div>\n\n\n\n<div class=\"wp-block-columns is-layout-flex wp-container-core-columns-is-layout-9d6595d7 wp-block-columns-is-layout-flex\">\n<div class=\"wp-block-column is-layout-flow wp-block-column-is-layout-flow\">\n<figure class=\"wp-block-embed is-type-video is-provider-youtube wp-block-embed-youtube wp-embed-aspect-4-3 wp-has-aspect-ratio\"><div class=\"wp-block-embed__wrapper\">\n<iframe loading=\"lazy\" title=\"WhatsApp Video 2022 03 17 at 12 29 20 PM\" width=\"960\" height=\"720\" src=\"https:\/\/www.youtube.com\/embed\/_T6jXMt8u2g?feature=oembed\" frameborder=\"0\" allow=\"accelerometer; autoplay; clipboard-write; encrypted-media; gyroscope; picture-in-picture\" allowfullscreen><\/iframe>\n<\/div><\/figure>\n<\/div>\n\n\n\n<div class=\"wp-block-column is-layout-flow wp-block-column-is-layout-flow\">\n<p>El Centro de Estudios Legislativos para la Igualdad de G\u00e9nero (CELIG) en conjunto con el INEGI han preparado una serie de capacitaciones dirigidas a Diputadas y Diputados y su personal t\u00e9cnico.<\/p>\n\n\n\n<p>La propuesta es conocer las ENCUESTAS actuales y las cifras de distintos temas relacionadas a la IGUALDAD y las MUJERES, as\u00ed como la metodolog\u00eda para obtener la informaci\u00f3n.<\/p>\n\n\n\n<p>Incr\u00edbete en&nbsp;<a href=\"https:\/\/forms.office.com\/pages\/responsepage.aspx?id=9QmPyl4zxU-AQfW0cqAu7-KXYYHQpPdMqRJGnOG04_xUOE9PTExGUVdMM0Q2QlhRUDVNVVRVWkFPVi4u\">bit.ly\/V-estadistica<\/a>&nbsp;Iniciamos el 25 de marzo. Para mayor informaci\u00f3n escribe a: <a href=\"mailto:celig@congresocdmx.gob.mx\">celig@congresocdmx.gob.mx<\/a><\/p>\n<\/div>\n<\/div>\n\n\n\n<div class=\"wp-block-columns is-layout-flex wp-container-core-columns-is-layout-9d6595d7 wp-block-columns-is-layout-flex\">\n<div class=\"wp-block-column is-layout-flow wp-block-column-is-layout-flow\">\n<p><strong>\u00bfQu\u00e9 es el CELIG y que hace?<\/strong><\/p>\n\n\n\n<p><\/p>\n\n\n\n<p class=\"has-text-align-right\"> El Centro de Estudios Legislativos para la Igualdad de G\u00e9nero (CELIG) inici\u00f3 sus trabajos en enero de 2019. Su funci\u00f3n principal es ser un apoyo t\u00e9cnico al quehacer legislativo en los temas de Igualdad de G\u00e9nero. El video resume el trabajo que se realiza para cumplir con sus objetivos. Actualizado en marzo de 2022. Actualizado a Marzo de 2022<\/p>\n<\/div>\n\n\n\n<div class=\"wp-block-column is-layout-flow wp-block-column-is-layout-flow\">\n<figure class=\"wp-block-embed is-type-video is-provider-youtube wp-block-embed-youtube wp-embed-aspect-16-9 wp-has-aspect-ratio\"><div class=\"wp-block-embed__wrapper\">\n<iframe loading=\"lazy\" title=\"\u00bfQu\u00e9 es el CELIG y qu\u00e9 ha hecho de enero 2019 a la fecha?\" width=\"960\" height=\"540\" src=\"https:\/\/www.youtube.com\/embed\/xINUC4zPC-k?feature=oembed\" frameborder=\"0\" allow=\"accelerometer; autoplay; clipboard-write; encrypted-media; gyroscope; picture-in-picture\" allowfullscreen><\/iframe>\n<\/div><\/figure>\n<\/div>\n<\/div>\n\n\n\n<h4 class=\"wp-block-heading\">\u201cEmbarazo infantil forzado y matrimonio infantil en M\u00e9xico\u201d<\/h4>\n\n\n\n<hr class=\"wp-block-separator\"\/>\n\n\n\n<figure class=\"wp-block-embed aligncenter is-type-video is-provider-youtube wp-block-embed-youtube wp-embed-aspect-16-9 wp-has-aspect-ratio\"><div class=\"wp-block-embed__wrapper\">\n<iframe loading=\"lazy\" title=\"Embarazo Infantil Forzado\" width=\"960\" height=\"540\" src=\"https:\/\/www.youtube.com\/embed\/fB7sgWxINZQ?feature=oembed\" frameborder=\"0\" allow=\"accelerometer; autoplay; clipboard-write; encrypted-media; gyroscope; picture-in-picture\" allowfullscreen><\/iframe>\n<\/div><\/figure>\n\n\n\n<hr class=\"wp-block-separator\"\/>\n\n\n\n<h4 class=\"wp-block-heading\">\u201cFeminicidio y violencia hacia las mujeres en la Ciudad de M\u00e9xico: investigaciones recientes\u201d<\/h4>\n\n\n\n<hr class=\"wp-block-separator\"\/>\n\n\n\n<figure class=\"wp-block-embed is-type-video is-provider-youtube wp-block-embed-youtube wp-embed-aspect-16-9 wp-has-aspect-ratio\"><div class=\"wp-block-embed__wrapper\">\n<iframe loading=\"lazy\" title=\"Feminicidio 1\" width=\"960\" height=\"540\" src=\"https:\/\/www.youtube.com\/embed\/oOBmzf4eP54?feature=oembed\" frameborder=\"0\" allow=\"accelerometer; autoplay; clipboard-write; encrypted-media; gyroscope; picture-in-picture\" allowfullscreen><\/iframe>\n<\/div><\/figure>\n\n\n\n<hr class=\"wp-block-separator\"\/>\n\n\n\n<figure class=\"wp-block-embed is-type-video is-provider-youtube wp-block-embed-youtube wp-embed-aspect-16-9 wp-has-aspect-ratio\"><div class=\"wp-block-embed__wrapper\">\n<iframe loading=\"lazy\" title=\"Feminicidio 2\" width=\"960\" height=\"540\" src=\"https:\/\/www.youtube.com\/embed\/GOxFw9V4T08?feature=oembed\" frameborder=\"0\" allow=\"accelerometer; autoplay; clipboard-write; encrypted-media; gyroscope; picture-in-picture\" allowfullscreen><\/iframe>\n<\/div><\/figure>\n\n\n\n<hr class=\"wp-block-separator\"\/>\n","protected":false},"excerpt":{"rendered":"<p>Videos Viernes de estad\u00edsticas de g\u00e9nero en el Congreso de la Ciudad de M\u00e9xico. Sesi\u00f3n del 24 de junio del 2022 Los hombres y las mujeres en los Censos. SAIC, SCINCE Web El Centro de Estudios Legislativos para la Igualdad de G\u00e9nero (CELIG) en conjunto con el INEGI han preparado una serie de capacitaciones dirigidas a Diputadas y Diputados y su personal t\u00e9cnico. La propuesta es conocer las ENCUESTAS actuales y las cifras de distintos temas relacionadas a la IGUALDAD y las MUJERES, as\u00ed como la metodolog\u00eda para obtener la informaci\u00f3n. Incr\u00edbete en&nbsp;bit.ly\/V-estadistica&nbsp;Iniciamos el 25 de marzo. Para mayor informaci\u00f3n escribe a: celig@congresocdmx.gob.mx \u00bfQu\u00e9 es el CELIG y que hace? El Centro de Estudios Legislativos para la Igualdad de G\u00e9nero (CELIG) inici\u00f3 sus trabajos en enero de 2019. Su funci\u00f3n principal es ser un apoyo t\u00e9cnico al quehacer legislativo en los temas de Igualdad de G\u00e9nero. El video resume el trabajo que se realiza para cumplir con sus objetivos. Actualizado en marzo de 2022. Actualizado a Marzo de 2022 \u201cEmbarazo infantil forzado y matrimonio infantil en M\u00e9xico\u201d \u201cFeminicidio y violencia hacia las mujeres en la Ciudad de M\u00e9xico: investigaciones recientes\u201d<\/p>\n","protected":false},"author":1,"featured_media":0,"parent":0,"menu_order":0,"comment_status":"closed","ping_status":"closed","template":"","meta":{"footnotes":""},"class_list":["post-705","page","type-page","status-publish","hentry"],"_links":{"self":[{"href":"https:\/\/genero.congresocdmx.gob.mx\/index.php\/wp-json\/wp\/v2\/pages\/705","targetHints":{"allow":["GET"]}}],"collection":[{"href":"https:\/\/genero.congresocdmx.gob.mx\/index.php\/wp-json\/wp\/v2\/pages"}],"about":[{"href":"https:\/\/genero.congresocdmx.gob.mx\/index.php\/wp-json\/wp\/v2\/types\/page"}],"author":[{"embeddable":true,"href":"https:\/\/genero.congresocdmx.gob.mx\/index.php\/wp-json\/wp\/v2\/users\/1"}],"replies":[{"embeddable":true,"href":"https:\/\/genero.congresocdmx.gob.mx\/index.php\/wp-json\/wp\/v2\/comments?post=705"}],"version-history":[{"count":7,"href":"https:\/\/genero.congresocdmx.gob.mx\/index.php\/wp-json\/wp\/v2\/pages\/705\/revisions"}],"predecessor-version":[{"id":7855,"href":"https:\/\/genero.congresocdmx.gob.mx\/index.php\/wp-json\/wp\/v2\/pages\/705\/revisions\/7855"}],"wp:attachment":[{"href":"https:\/\/genero.congresocdmx.gob.mx\/index.php\/wp-json\/wp\/v2\/media?parent=705"}],"curies":[{"name":"wp","href":"https:\/\/api.w.org\/{rel}","templated":true}]}}