{"id":610,"date":"2021-01-20T15:33:30","date_gmt":"2021-01-20T21:33:30","guid":{"rendered":"http:\/\/genero.congresocdmx.gob.mx\/?page_id=610"},"modified":"2024-02-01T11:18:37","modified_gmt":"2024-02-01T17:18:37","slug":"infografias","status":"publish","type":"page","link":"https:\/\/genero.congresocdmx.gob.mx\/index.php\/infografias\/","title":{"rendered":"Infograf\u00edas"},"content":{"rendered":"\n<hr class=\"wp-block-separator\"\/>\n\n\n\n<div data-wp-interactive=\"core\/file\" class=\"wp-block-file\"><object data-wp-bind--hidden=\"!state.hasPdfPreview\" hidden class=\"wp-block-file__embed\" data=\"https:\/\/genero.congresocdmx.gob.mx\/wp-content\/uploads\/2023\/05\/ILE-FINAL-202300509.pdf\" type=\"application\/pdf\" style=\"width:100%;height:600px\" aria-label=\"Incrustado de Incrustado de ILE-FINAL 202300509..\"><\/object><a href=\"https:\/\/genero.congresocdmx.gob.mx\/wp-content\/uploads\/2023\/05\/ILE-FINAL-202300509.pdf\">ILE-FINAL 202300509<\/a><a href=\"https:\/\/genero.congresocdmx.gob.mx\/wp-content\/uploads\/2023\/05\/ILE-FINAL-202300509.pdf\" class=\"wp-block-file__button\" download>Descarga<\/a><\/div>\n\n\n\n<div class=\"wp-block-image\"><figure class=\"aligncenter size-full is-resized\"><a href=\"https:\/\/genero.congresocdmx.gob.mx\/wp-content\/uploads\/2023\/03\/Infografia-PIS-20231303.jpg\"><img loading=\"lazy\" decoding=\"async\" src=\"https:\/\/genero.congresocdmx.gob.mx\/wp-content\/uploads\/2023\/03\/Infografia-PIS-20231303.jpg\" alt=\"\" class=\"wp-image-8125\" width=\"282\" height=\"365\" srcset=\"https:\/\/genero.congresocdmx.gob.mx\/wp-content\/uploads\/2023\/03\/Infografia-PIS-20231303.jpg 612w, https:\/\/genero.congresocdmx.gob.mx\/wp-content\/uploads\/2023\/03\/Infografia-PIS-20231303-232x300.jpg 232w\" sizes=\"auto, (max-width: 282px) 100vw, 282px\" \/><\/a><\/figure><\/div>\n\n\n\n<div class=\"wp-block-columns is-layout-flex wp-container-core-columns-is-layout-9d6595d7 wp-block-columns-is-layout-flex\">\n<div class=\"wp-block-column is-layout-flow wp-block-column-is-layout-flow\" style=\"flex-basis:100%\">\n<div class=\"wp-block-columns is-layout-flex wp-container-core-columns-is-layout-9d6595d7 wp-block-columns-is-layout-flex\">\n<div class=\"wp-block-column is-layout-flow wp-block-column-is-layout-flow\" style=\"flex-basis:100%\">\n<div class=\"wp-block-columns is-layout-flex wp-container-core-columns-is-layout-9d6595d7 wp-block-columns-is-layout-flex\">\n<div class=\"wp-block-column is-layout-flow wp-block-column-is-layout-flow\">\n<div class=\"wp-block-columns is-layout-flex wp-container-core-columns-is-layout-9d6595d7 wp-block-columns-is-layout-flex\">\n<div class=\"wp-block-column is-layout-flow wp-block-column-is-layout-flow\">\n<figure class=\"wp-block-image size-full is-resized\"><img loading=\"lazy\" decoding=\"async\" src=\"https:\/\/genero.congresocdmx.gob.mx\/wp-content\/uploads\/2022\/04\/WhatsApp-Image-2022-04-09-at-11.05.44-AM-1.jpeg\" alt=\"\" class=\"wp-image-7607\" width=\"249\" height=\"311\"\/><\/figure>\n<\/div>\n\n\n\n<div class=\"wp-block-column is-layout-flow wp-block-column-is-layout-flow\">\n<p><\/p>\n\n\n\n<p><\/p>\n\n\n\n<p class=\"has-text-align-center\">El <strong>Centro de Estudios Legislativos<\/strong> en conjunto con el area de Comunicaci\u00f3n Social del Congreso de la Ciudad II Leguislatura, se sumaron a la Conmemoraci\u00f3n del <strong>8 de marzo del 2022<\/strong> a trav\u00e9s de una campa\u00f1a de informaci\u00f3n y difusi\u00f3n sobre los Avances Legislativos contra la violencia de G\u00e9nero.<\/p>\n<\/div>\n\n\n\n<div class=\"wp-block-column is-layout-flow wp-block-column-is-layout-flow\">\n<figure class=\"wp-block-image size-large is-resized\"><img loading=\"lazy\" decoding=\"async\" src=\"https:\/\/genero.congresocdmx.gob.mx\/wp-content\/uploads\/2022\/04\/WhatsApp-Image-2022-04-09-at-11.05.45-AM-2-802x1024.jpeg\" alt=\"\" class=\"wp-image-7608\" width=\"246\" height=\"314\" srcset=\"https:\/\/genero.congresocdmx.gob.mx\/wp-content\/uploads\/2022\/04\/WhatsApp-Image-2022-04-09-at-11.05.45-AM-2-802x1024.jpeg 802w, https:\/\/genero.congresocdmx.gob.mx\/wp-content\/uploads\/2022\/04\/WhatsApp-Image-2022-04-09-at-11.05.45-AM-2-235x300.jpeg 235w, https:\/\/genero.congresocdmx.gob.mx\/wp-content\/uploads\/2022\/04\/WhatsApp-Image-2022-04-09-at-11.05.45-AM-2-768x981.jpeg 768w, https:\/\/genero.congresocdmx.gob.mx\/wp-content\/uploads\/2022\/04\/WhatsApp-Image-2022-04-09-at-11.05.45-AM-2.jpeg 1002w\" sizes=\"auto, (max-width: 246px) 100vw, 246px\" \/><\/figure>\n<\/div>\n<\/div>\n<\/div>\n<\/div>\n<\/div>\n<\/div>\n<\/div>\n<\/div>\n\n\n<p><a id=\"cuartocartel&quot;\"><\/a><\/p>\n\n\n<p><strong>Cartel de Anexo Transversal con Perspectiva de G\u00e9nero. Proyecto de Presupuesto de Egresos de la Ciudad de M\u00e9xico, ejercicio fiscal 2021<\/strong><\/p>\n\n\n\n<div class=\"wp-block-media-text alignwide has-media-on-the-right is-stacked-on-mobile\" style=\"grid-template-columns:auto 56%\"><figure class=\"wp-block-media-text__media\"><img loading=\"lazy\" decoding=\"async\" width=\"1024\" height=\"493\" src=\"https:\/\/genero.congresocdmx.gob.mx\/wp-content\/uploads\/2021\/01\/Portal_CARTEL-1024x493.png\" alt=\"\" class=\"wp-image-6819 size-full\" srcset=\"https:\/\/genero.congresocdmx.gob.mx\/wp-content\/uploads\/2021\/01\/Portal_CARTEL-1024x493.png 1024w, https:\/\/genero.congresocdmx.gob.mx\/wp-content\/uploads\/2021\/01\/Portal_CARTEL-300x144.png 300w, https:\/\/genero.congresocdmx.gob.mx\/wp-content\/uploads\/2021\/01\/Portal_CARTEL-768x370.png 768w, https:\/\/genero.congresocdmx.gob.mx\/wp-content\/uploads\/2021\/01\/Portal_CARTEL-1536x740.png 1536w, https:\/\/genero.congresocdmx.gob.mx\/wp-content\/uploads\/2021\/01\/Portal_CARTEL-2048x986.png 2048w, https:\/\/genero.congresocdmx.gob.mx\/wp-content\/uploads\/2021\/01\/Portal_CARTEL-1140x549.png 1140w\" sizes=\"auto, (max-width: 1024px) 100vw, 1024px\" \/><\/figure><div class=\"wp-block-media-text__content\">\n<p>El cartel muestra la importancia de un Anexo espec\u00edfico para poder observar las acciones que el gobierno llevar\u00e1 a cabo a favor de las mujeres y la igualdad sustantiva.<\/p>\n\n\n\n<div class=\"wp-block-buttons is-layout-flex wp-block-buttons-is-layout-flex\">\n<div class=\"wp-block-button is-style-outline is-style-outline--1\"><a class=\"wp-block-button__link has-text-color\" href=\"https:\/\/genero.congresocdmx.gob.mx\/wp-content\/uploads\/2021\/01\/10.CELIG-4oCartelPREP-20201231.pdf\" style=\"color:#29b3a9\" target=\"_blank\" rel=\"noreferrer noopener\">Ver archivo<\/a><\/div>\n<\/div>\n<\/div><\/div>\n\n\n\n<hr class=\"wp-block-separator\"\/>\n\n\n\n<p><strong>Anexo transversal. Presupuesto con perspectiva de g\u00e9nero<\/strong><\/p>\n\n\n\n<div class=\"wp-block-media-text alignwide\" style=\"grid-template-columns:44% auto\"><figure class=\"wp-block-media-text__media\"><img loading=\"lazy\" decoding=\"async\" width=\"1024\" height=\"576\" src=\"https:\/\/genero.congresocdmx.gob.mx\/wp-content\/uploads\/2020\/10\/CartelAnexoTW-1024x576.png\" alt=\"\" class=\"wp-image-6543 size-full\" srcset=\"https:\/\/genero.congresocdmx.gob.mx\/wp-content\/uploads\/2020\/10\/CartelAnexoTW-1024x576.png 1024w, https:\/\/genero.congresocdmx.gob.mx\/wp-content\/uploads\/2020\/10\/CartelAnexoTW-300x169.png 300w, https:\/\/genero.congresocdmx.gob.mx\/wp-content\/uploads\/2020\/10\/CartelAnexoTW-768x432.png 768w, https:\/\/genero.congresocdmx.gob.mx\/wp-content\/uploads\/2020\/10\/CartelAnexoTW-1140x641.png 1140w, https:\/\/genero.congresocdmx.gob.mx\/wp-content\/uploads\/2020\/10\/CartelAnexoTW.png 1600w\" sizes=\"auto, (max-width: 1024px) 100vw, 1024px\" \/><\/figure><div class=\"wp-block-media-text__content\">\n<p>La Ley de Igualdad Sustantiva entre Mujeres y Hombres en la Ciudad de M\u00e9xico establece que la pol\u00edtica del Gobierno de la Ciudad debe garantizar que la planeaci\u00f3n presupuestal incorpore la progresividad, la perspectiva de g\u00e9nero, apoye la transversalidad.<\/p>\n\n\n\n<div class=\"wp-block-button\"><a class=\"wp-block-button__link has-background\" href=\"https:\/\/genero.congresocdmx.gob.mx\/wp-content\/uploads\/2020\/10\/7-CELIG-3erCartelAnexoTransPREP-2020.10.05.pdf\" style=\"background-color:#533f7c\" target=\"_blank\" rel=\"noreferrer noopener\">Ver archivo<\/a><\/div>\n<\/div><\/div>\n\n\n\n<hr class=\"wp-block-separator\"\/>\n\n\n\n<p>Julio 2020<\/p>\n\n\n\n<p><strong>Cartel &#8220;El presupuesto p\u00fablico con perspectiva de g\u00e9nero y su relaci\u00f3n con el Congreso de la Ciudad de M\u00e9xico&#8221;<\/strong><\/p>\n\n\n\n<div class=\"wp-block-media-text alignwide\"><figure class=\"wp-block-media-text__media\"><img loading=\"lazy\" decoding=\"async\" width=\"1024\" height=\"482\" src=\"https:\/\/genero.congresocdmx.gob.mx\/wp-content\/uploads\/2020\/07\/Captura-de-Pantalla-2020-07-06-a-las-12.33.43-1024x482.png\" alt=\"\" class=\"wp-image-4292 size-full\" srcset=\"https:\/\/genero.congresocdmx.gob.mx\/wp-content\/uploads\/2020\/07\/Captura-de-Pantalla-2020-07-06-a-las-12.33.43-1024x482.png 1024w, https:\/\/genero.congresocdmx.gob.mx\/wp-content\/uploads\/2020\/07\/Captura-de-Pantalla-2020-07-06-a-las-12.33.43-300x141.png 300w, https:\/\/genero.congresocdmx.gob.mx\/wp-content\/uploads\/2020\/07\/Captura-de-Pantalla-2020-07-06-a-las-12.33.43-768x362.png 768w, https:\/\/genero.congresocdmx.gob.mx\/wp-content\/uploads\/2020\/07\/Captura-de-Pantalla-2020-07-06-a-las-12.33.43-1140x537.png 1140w, https:\/\/genero.congresocdmx.gob.mx\/wp-content\/uploads\/2020\/07\/Captura-de-Pantalla-2020-07-06-a-las-12.33.43.png 2046w\" sizes=\"auto, (max-width: 1024px) 100vw, 1024px\" \/><\/figure><div class=\"wp-block-media-text__content\">\n<p><strong>\u00a1Conoce m\u00e1s!<\/strong> sobre \u00bfCu\u00e1l es el papel del Congreso de la Ciudad de M\u00e9xico en la asignaci\u00f3n del presupuesto p\u00fablico con perspectiva de g\u00e9nero?<\/p>\n<\/div><\/div>\n\n\n\n<div class=\"wp-block-button aligncenter\"><a class=\"wp-block-button__link has-light-green-cyan-background-color has-text-color has-background\" href=\"https:\/\/genero.congresocdmx.gob.mx\/wp-content\/uploads\/2020\/07\/presupuesto_2_04072020.pdf\" style=\"color:#000000\" target=\"_blank\" rel=\"noreferrer noopener\">Ver archivo<\/a><\/div>\n\n\n\n<hr class=\"wp-block-separator\"\/>\n\n\n\n<p><strong>Cartel &#8220;Presupuesto con perspectiva de g\u00e9nero en la Ciudad de M\u00e9xico<\/strong><\/p>\n\n\n\n<div class=\"wp-block-media-text alignwide\" style=\"grid-template-columns:34% auto\"><figure class=\"wp-block-media-text__media\"><img loading=\"lazy\" decoding=\"async\" width=\"1024\" height=\"370\" src=\"https:\/\/genero.congresocdmx.gob.mx\/wp-content\/uploads\/2020\/08\/Captura-de-Pantalla-2020-08-20-a-las-9.18.24-1024x370.png\" alt=\"\" class=\"wp-image-6253 size-full\" srcset=\"https:\/\/genero.congresocdmx.gob.mx\/wp-content\/uploads\/2020\/08\/Captura-de-Pantalla-2020-08-20-a-las-9.18.24-1024x370.png 1024w, https:\/\/genero.congresocdmx.gob.mx\/wp-content\/uploads\/2020\/08\/Captura-de-Pantalla-2020-08-20-a-las-9.18.24-300x108.png 300w, https:\/\/genero.congresocdmx.gob.mx\/wp-content\/uploads\/2020\/08\/Captura-de-Pantalla-2020-08-20-a-las-9.18.24-768x277.png 768w, https:\/\/genero.congresocdmx.gob.mx\/wp-content\/uploads\/2020\/08\/Captura-de-Pantalla-2020-08-20-a-las-9.18.24-1140x412.png 1140w, https:\/\/genero.congresocdmx.gob.mx\/wp-content\/uploads\/2020\/08\/Captura-de-Pantalla-2020-08-20-a-las-9.18.24.png 1700w\" sizes=\"auto, (max-width: 1024px) 100vw, 1024px\" \/><\/figure><div class=\"wp-block-media-text__content\">\n<p>El presupuesto con perspectiva de g\u00e9nero es una estrategia para alcanzar la igualdad sustantiva entre mujeres y hombres que pretende avanzar en la realizaci\u00f3n de los derechos de las mujeres y las ni\u00f1as<\/p>\n<\/div><\/div>\n\n\n\n<div class=\"wp-block-button aligncenter is-style-outline is-style-outline--2\"><a class=\"wp-block-button__link has-text-color has-background\" href=\"https:\/\/genero.congresocdmx.gob.mx\/wp-content\/uploads\/2020\/08\/PrimerCartel-\u201cPresupuestoConPEG-en-la-CDMX\u201d.pdf\" style=\"background-color:#dfb7e7;color:#000000\" target=\"_blank\" rel=\"noreferrer noopener\">Ver archivo<\/a><\/div>\n\n\n\n<hr class=\"wp-block-separator\"\/>\n\n\n\n<h2 class=\"wp-block-heading\">Infograf\u00edas<\/h2>\n\n\n\n<p>Diciembre 2020<\/p>\n\n\n<p><a id=\"infografiaenoe\"><\/a><\/p>\n\n\n<p><strong>Ocupaci\u00f3n y empleo en mujeres y hombres<\/strong><\/p>\n\n\n\n<div class=\"wp-block-media-text alignwide has-media-on-the-right is-stacked-on-mobile\" style=\"grid-template-columns:auto 55%\"><figure class=\"wp-block-media-text__media\"><img loading=\"lazy\" decoding=\"async\" width=\"1024\" height=\"493\" src=\"https:\/\/genero.congresocdmx.gob.mx\/wp-content\/uploads\/2021\/01\/Portal_INFOGRAFIA-1024x493.png\" alt=\"\" class=\"wp-image-6825 size-full\" srcset=\"https:\/\/genero.congresocdmx.gob.mx\/wp-content\/uploads\/2021\/01\/Portal_INFOGRAFIA-1024x493.png 1024w, https:\/\/genero.congresocdmx.gob.mx\/wp-content\/uploads\/2021\/01\/Portal_INFOGRAFIA-300x144.png 300w, https:\/\/genero.congresocdmx.gob.mx\/wp-content\/uploads\/2021\/01\/Portal_INFOGRAFIA-768x370.png 768w, https:\/\/genero.congresocdmx.gob.mx\/wp-content\/uploads\/2021\/01\/Portal_INFOGRAFIA-1536x740.png 1536w, https:\/\/genero.congresocdmx.gob.mx\/wp-content\/uploads\/2021\/01\/Portal_INFOGRAFIA-2048x986.png 2048w, https:\/\/genero.congresocdmx.gob.mx\/wp-content\/uploads\/2021\/01\/Portal_INFOGRAFIA-1140x549.png 1140w\" sizes=\"auto, (max-width: 1024px) 100vw, 1024px\" \/><\/figure><div class=\"wp-block-media-text__content\">\n<p>Contar con informaci\u00f3n estad\u00edstica sobre el tama\u00f1o, composici\u00f3n y distribuci\u00f3n de la fuerza de trabajo y de los niveles de participaci\u00f3n en la actividad econ\u00f3mica, las condiciones laborales.<\/p>\n\n\n\n<div class=\"wp-block-buttons is-layout-flex wp-block-buttons-is-layout-flex\">\n<div class=\"wp-block-button is-style-outline is-style-outline--3\"><a class=\"wp-block-button__link has-luminous-vivid-amber-color has-text-color\" href=\"https:\/\/genero.congresocdmx.gob.mx\/wp-content\/uploads\/2021\/01\/4.CELIG-InfoENOEN-20210105-1.pdf\" target=\"_blank\" rel=\"noreferrer noopener\">Ver archivo<\/a><\/div>\n<\/div>\n<\/div><\/div>\n\n\n\n<hr class=\"wp-block-separator\"\/>\n\n\n\n<p>Septiembre 2020<\/p>\n\n\n\n<h4 class=\"wp-block-heading\"><strong>Mujeres v\u00edctimas de delitos en carpetas de investigaci\u00f3n de la Fiscal\u00eda General de Justicia de la Ciudad de M\u00e9xico<\/strong><\/h4>\n\n\n\n<div class=\"wp-block-media-text alignwide\" style=\"grid-template-columns:33% auto\"><figure class=\"wp-block-media-text__media\"><img loading=\"lazy\" decoding=\"async\" width=\"940\" height=\"788\" src=\"https:\/\/genero.congresocdmx.gob.mx\/wp-content\/uploads\/2020\/10\/Infografi\u0301aFB.png\" alt=\"\" class=\"wp-image-6532 size-full\" srcset=\"https:\/\/genero.congresocdmx.gob.mx\/wp-content\/uploads\/2020\/10\/Infografi\u0301aFB.png 940w, https:\/\/genero.congresocdmx.gob.mx\/wp-content\/uploads\/2020\/10\/Infografi\u0301aFB-300x251.png 300w, https:\/\/genero.congresocdmx.gob.mx\/wp-content\/uploads\/2020\/10\/Infografi\u0301aFB-768x644.png 768w\" sizes=\"auto, (max-width: 940px) 100vw, 940px\" \/><\/figure><div class=\"wp-block-media-text__content\">\n<p> La infograf\u00eda \u201cMujeres v\u00edctimas de delitos en carpetas de investigaci\u00f3n de la FGJCDMX\u201d destaca los delitos cometidos contra mujeres, el lugar de ocurrencia de los hechos, la edad de las v\u00edctimas y la apertura de carpetas de investigaci\u00f3n en los a\u00f1os 2016 al 2020.  <\/p>\n\n\n\n<div class=\"wp-block-button\"><a class=\"wp-block-button__link has-text-color has-background\" href=\"https:\/\/genero.congresocdmx.gob.mx\/wp-content\/uploads\/2020\/10\/9-CELIG-Infografi\u0301aDelContraMuj-2020.10.05.pdf\" style=\"background-color:#a395a9;color:#000000\" target=\"_blank\" rel=\"noreferrer noopener\">Ver archivo<\/a><\/div>\n<\/div><\/div>\n\n\n\n<p>Mayo 2020<\/p>\n\n\n\n<h4 class=\"has-text-align-center wp-block-heading\"><strong>Violencia contra las mujeres en Ciudad de M\u00e9xico<\/strong><\/h4>\n\n\n\n<div class=\"wp-block-media-text alignwide\" style=\"grid-template-columns:24% auto\"><figure class=\"wp-block-media-text__media\"><img loading=\"lazy\" decoding=\"async\" width=\"657\" height=\"833\" src=\"https:\/\/genero.congresocdmx.gob.mx\/wp-content\/uploads\/2020\/07\/Captura-de-Pantalla-2020-07-29-a-las-13.12.37.png\" alt=\"\" class=\"wp-image-4389 size-full\" srcset=\"https:\/\/genero.congresocdmx.gob.mx\/wp-content\/uploads\/2020\/07\/Captura-de-Pantalla-2020-07-29-a-las-13.12.37.png 657w, https:\/\/genero.congresocdmx.gob.mx\/wp-content\/uploads\/2020\/07\/Captura-de-Pantalla-2020-07-29-a-las-13.12.37-237x300.png 237w\" sizes=\"auto, (max-width: 657px) 100vw, 657px\" \/><\/figure><div class=\"wp-block-media-text__content\">\n<p>Violencia contra la mujer, es todo, acto de violencia basado en el g\u00e9nero que tiene como resultado posible o real un da\u00f1o f\u00edsico, sexual o psicol\u00f3gico, incluidas las amenazas, la coerci\u00f3n o la privaci\u00f3n arbitraria de la libertad, ya sea que ocurra en la vida p\u00fablica o en la privada.<\/p>\n<\/div><\/div>\n\n\n\n<div class=\"wp-block-button aligncenter is-style-outline is-style-outline--4\"><a class=\"wp-block-button__link has-very-light-gray-background-color has-text-color has-background\" href=\"https:\/\/genero.congresocdmx.gob.mx\/wp-content\/uploads\/2020\/07\/Violencia-contra-las-mujeres-en-Ciudad-de-Me\u0301xico-1.pdf\" style=\"color:#000000\" target=\"_blank\" rel=\"noreferrer noopener\">Ver archivo<\/a><\/div>\n\n\n\n<div style=\"height:20px\" aria-hidden=\"true\" class=\"wp-block-spacer\"><\/div>\n\n\n\n<hr class=\"wp-block-separator\"\/>\n\n\n\n<p>Octubre 2019<\/p>\n\n\n\n<h4 class=\"has-text-align-center wp-block-heading\"><strong>Violencia digital<\/strong><\/h4>\n\n\n\n<div class=\"wp-block-media-text alignwide\" style=\"grid-template-columns:53% auto\"><figure class=\"wp-block-media-text__media\"><img loading=\"lazy\" decoding=\"async\" width=\"1024\" height=\"512\" src=\"https:\/\/genero.congresocdmx.gob.mx\/wp-content\/uploads\/2019\/10\/Info-Violencia-digital_page-0001-1024x512.jpg\" alt=\"\" class=\"wp-image-1528 size-full\" srcset=\"https:\/\/genero.congresocdmx.gob.mx\/wp-content\/uploads\/2019\/10\/Info-Violencia-digital_page-0001-1024x512.jpg 1024w, https:\/\/genero.congresocdmx.gob.mx\/wp-content\/uploads\/2019\/10\/Info-Violencia-digital_page-0001-300x150.jpg 300w, https:\/\/genero.congresocdmx.gob.mx\/wp-content\/uploads\/2019\/10\/Info-Violencia-digital_page-0001-768x384.jpg 768w, https:\/\/genero.congresocdmx.gob.mx\/wp-content\/uploads\/2019\/10\/Info-Violencia-digital_page-0001-1080x540.jpg 1080w, https:\/\/genero.congresocdmx.gob.mx\/wp-content\/uploads\/2019\/10\/Info-Violencia-digital_page-0001-1140x570.jpg 1140w, https:\/\/genero.congresocdmx.gob.mx\/wp-content\/uploads\/2019\/10\/Info-Violencia-digital_page-0001.jpg 1600w\" sizes=\"auto, (max-width: 1024px) 100vw, 1024px\" \/><\/figure><div class=\"wp-block-media-text__content\">\n<p>Ciberacoso (acoso digital): intromisi\u00f3n de naturaleza repetitiva en la vida \u00edntima de una persona, utilizando para ello medios electr\u00f3nicos, fundamentalmente Internet y tel\u00e9fonos celulares.<\/p>\n<\/div><\/div>\n\n\n\n<div class=\"wp-block-button aligncenter\"><a class=\"wp-block-button__link has-cyan-bluish-gray-background-color has-text-color has-background\" href=\"https:\/\/genero.congresocdmx.gob.mx\/wp-content\/uploads\/2020\/07\/Violencia-digital.pdf\" style=\"color:#000000\" target=\"_blank\" rel=\"noreferrer noopener\">Ver archivo<\/a><\/div>\n\n\n\n<p><strong>Conoce las 12 iniciativas sobre violencia digital que se han presentado en el Congreso de la CdMx&#8221;<\/strong><\/p>\n\n\n\n<div class=\"wp-block-media-text alignwide\" style=\"grid-template-columns:33% auto\"><figure class=\"wp-block-media-text__media\"><img loading=\"lazy\" decoding=\"async\" width=\"1024\" height=\"575\" src=\"https:\/\/genero.congresocdmx.gob.mx\/wp-content\/uploads\/2020\/02\/ciberacoso-1518431365906-1024x575-1024x575.jpg\" alt=\"\" class=\"wp-image-3060 size-full\" srcset=\"https:\/\/genero.congresocdmx.gob.mx\/wp-content\/uploads\/2020\/02\/ciberacoso-1518431365906-1024x575.jpg 1024w, https:\/\/genero.congresocdmx.gob.mx\/wp-content\/uploads\/2020\/02\/ciberacoso-1518431365906-1024x575-300x168.jpg 300w, https:\/\/genero.congresocdmx.gob.mx\/wp-content\/uploads\/2020\/02\/ciberacoso-1518431365906-1024x575-768x431.jpg 768w\" sizes=\"auto, (max-width: 1024px) 100vw, 1024px\" \/><\/figure><div class=\"wp-block-media-text__content\">\n<p><strong>Iniciativas sobre violencia digital presentadas en el Congreso de la Cdmx 2018-2019<\/strong><\/p>\n\n\n\n<div class=\"wp-block-button is-style-outline is-style-outline--5\"><a class=\"wp-block-button__link has-text-color has-background\" href=\"https:\/\/genero.congresocdmx.gob.mx\/wp-content\/uploads\/2019\/09\/MATRIZ_INICIATIVAS_ACOSO_DIGITAL_COMPLETO-1.xlsx\" style=\"background-color:#0095a3;color:#000000\" target=\"_blank\" rel=\"noreferrer noopener\">Ver archivo<\/a><\/div>\n<\/div><\/div>\n\n\n\n<div style=\"height:20px\" aria-hidden=\"true\" class=\"wp-block-spacer\"><\/div>\n\n\n\n<hr class=\"wp-block-separator\"\/>\n\n\n\n<h4 class=\"has-text-align-center wp-block-heading\"><strong>Interrupci\u00f3n Legal del embarazo<\/strong><\/h4>\n\n\n\n<div class=\"wp-block-media-text alignwide\" style=\"grid-template-columns:30% auto\"><figure class=\"wp-block-media-text__media\"><img loading=\"lazy\" decoding=\"async\" width=\"1024\" height=\"887\" src=\"https:\/\/genero.congresocdmx.gob.mx\/wp-content\/uploads\/2020\/07\/Captura-de-Pantalla-2020-07-29-a-las-12.53.30-1024x887.png\" alt=\"\" class=\"wp-image-4376 size-full\" srcset=\"https:\/\/genero.congresocdmx.gob.mx\/wp-content\/uploads\/2020\/07\/Captura-de-Pantalla-2020-07-29-a-las-12.53.30-1024x887.png 1024w, https:\/\/genero.congresocdmx.gob.mx\/wp-content\/uploads\/2020\/07\/Captura-de-Pantalla-2020-07-29-a-las-12.53.30-300x260.png 300w, https:\/\/genero.congresocdmx.gob.mx\/wp-content\/uploads\/2020\/07\/Captura-de-Pantalla-2020-07-29-a-las-12.53.30-768x665.png 768w, https:\/\/genero.congresocdmx.gob.mx\/wp-content\/uploads\/2020\/07\/Captura-de-Pantalla-2020-07-29-a-las-12.53.30.png 1104w\" sizes=\"auto, (max-width: 1024px) 100vw, 1024px\" \/><\/figure><div class=\"wp-block-media-text__content\">\n<p>Cuando el aborto se realiza en condiciones seguras se calcula que la mortalidad materna asociada al procedimiento de atenci\u00f3n del aborto m\u00e9dico va de 0.1 casos por cada 100,000 eventos hasta la 8\u00aa semana de gestaci\u00f3n (SDG), a 0.4 hasta la 12a SDG.<\/p>\n<\/div><\/div>\n\n\n\n<div class=\"wp-block-button aligncenter\"><a class=\"wp-block-button__link has-luminous-vivid-amber-background-color has-text-color has-background\" href=\"https:\/\/genero.congresocdmx.gob.mx\/wp-content\/uploads\/2020\/07\/ILE.pdf\" style=\"color:#000000\" target=\"_blank\" rel=\"noreferrer noopener\"><strong>Ver archivo<\/strong><\/a><\/div>\n","protected":false},"excerpt":{"rendered":"<p>El Centro de Estudios Legislativos en conjunto con el area de Comunicaci\u00f3n Social del Congreso de la Ciudad II Leguislatura, se sumaron a la Conmemoraci\u00f3n del 8 de marzo del 2022 a trav\u00e9s de una campa\u00f1a de informaci\u00f3n y difusi\u00f3n sobre los Avances Legislativos contra la violencia de G\u00e9nero. Cartel de Anexo Transversal con Perspectiva de G\u00e9nero. Proyecto de Presupuesto de Egresos de la Ciudad de M\u00e9xico, ejercicio fiscal 2021 Anexo transversal. Presupuesto con perspectiva de g\u00e9nero Julio 2020 Cartel &#8220;El presupuesto p\u00fablico con perspectiva de g\u00e9nero y su relaci\u00f3n con el Congreso de la Ciudad de M\u00e9xico&#8221; \u00a1Conoce m\u00e1s! sobre \u00bfCu\u00e1l es el papel del Congreso de la Ciudad de M\u00e9xico en la asignaci\u00f3n del presupuesto p\u00fablico con perspectiva de g\u00e9nero? Cartel &#8220;Presupuesto con perspectiva de g\u00e9nero en la Ciudad de M\u00e9xico El presupuesto con perspectiva de g\u00e9nero es una estrategia para alcanzar la igualdad sustantiva entre mujeres y hombres que pretende avanzar en la realizaci\u00f3n de los derechos de las mujeres y las ni\u00f1as Infograf\u00edas Diciembre 2020 Ocupaci\u00f3n y empleo en mujeres y hombres Septiembre 2020 Mujeres v\u00edctimas de delitos en carpetas de investigaci\u00f3n de la Fiscal\u00eda General de Justicia de la Ciudad de M\u00e9xico Mayo 2020 Violencia contra las mujeres en Ciudad de M\u00e9xico Violencia contra la mujer, es todo, acto de violencia basado en el g\u00e9nero que tiene como resultado posible o real un da\u00f1o f\u00edsico, sexual o psicol\u00f3gico, incluidas las amenazas, la coerci\u00f3n o la privaci\u00f3n arbitraria de la libertad, ya sea que ocurra en la vida p\u00fablica o en la privada. Octubre 2019 Violencia digital Ciberacoso (acoso digital): intromisi\u00f3n de naturaleza repetitiva en la vida \u00edntima de una persona, utilizando para ello medios electr\u00f3nicos, fundamentalmente Internet y tel\u00e9fonos celulares. Conoce las 12 iniciativas sobre violencia digital que se han presentado en el Congreso de la CdMx&#8221; Interrupci\u00f3n Legal del embarazo Cuando el aborto se realiza en condiciones seguras se calcula que la mortalidad materna asociada al procedimiento de atenci\u00f3n del aborto m\u00e9dico va de 0.1 casos por cada 100,000 eventos hasta la 8\u00aa semana de gestaci\u00f3n (SDG), a 0.4 hasta la 12a SDG.<\/p>\n","protected":false},"author":1,"featured_media":0,"parent":0,"menu_order":0,"comment_status":"closed","ping_status":"closed","template":"","meta":{"footnotes":""},"class_list":["post-610","page","type-page","status-publish","hentry"],"_links":{"self":[{"href":"https:\/\/genero.congresocdmx.gob.mx\/index.php\/wp-json\/wp\/v2\/pages\/610","targetHints":{"allow":["GET"]}}],"collection":[{"href":"https:\/\/genero.congresocdmx.gob.mx\/index.php\/wp-json\/wp\/v2\/pages"}],"about":[{"href":"https:\/\/genero.congresocdmx.gob.mx\/index.php\/wp-json\/wp\/v2\/types\/page"}],"author":[{"embeddable":true,"href":"https:\/\/genero.congresocdmx.gob.mx\/index.php\/wp-json\/wp\/v2\/users\/1"}],"replies":[{"embeddable":true,"href":"https:\/\/genero.congresocdmx.gob.mx\/index.php\/wp-json\/wp\/v2\/comments?post=610"}],"version-history":[{"count":58,"href":"https:\/\/genero.congresocdmx.gob.mx\/index.php\/wp-json\/wp\/v2\/pages\/610\/revisions"}],"predecessor-version":[{"id":8529,"href":"https:\/\/genero.congresocdmx.gob.mx\/index.php\/wp-json\/wp\/v2\/pages\/610\/revisions\/8529"}],"wp:attachment":[{"href":"https:\/\/genero.congresocdmx.gob.mx\/index.php\/wp-json\/wp\/v2\/media?parent=610"}],"curies":[{"name":"wp","href":"https:\/\/api.w.org\/{rel}","templated":true}]}}