{"id":3864,"date":"2020-04-17T20:42:25","date_gmt":"2020-04-18T01:42:25","guid":{"rendered":"https:\/\/genero.congresocdmx.gob.mx\/?page_id=3864"},"modified":"2026-02-09T04:46:58","modified_gmt":"2026-02-09T10:46:58","slug":"folletos","status":"publish","type":"page","link":"https:\/\/genero.congresocdmx.gob.mx\/index.php\/folletos\/","title":{"rendered":"Folletos"},"content":{"rendered":"\n<div class=\"wp-block-columns is-layout-flex wp-container-core-columns-is-layout-9d6595d7 wp-block-columns-is-layout-flex\">\n<div class=\"wp-block-column is-layout-flow wp-block-column-is-layout-flow\">\n<div class=\"wp-block-cover has-background-dim\"><img loading=\"lazy\" decoding=\"async\" width=\"990\" height=\"556\" class=\"wp-block-cover__image-background wp-image-8958\" alt=\"\" src=\"https:\/\/genero.congresocdmx.gob.mx\/wp-content\/uploads\/2025\/04\/violencia-contra-las-mujeres-1.jpg\" data-object-fit=\"cover\" srcset=\"https:\/\/genero.congresocdmx.gob.mx\/wp-content\/uploads\/2025\/04\/violencia-contra-las-mujeres-1.jpg 990w, https:\/\/genero.congresocdmx.gob.mx\/wp-content\/uploads\/2025\/04\/violencia-contra-las-mujeres-1-300x168.jpg 300w, https:\/\/genero.congresocdmx.gob.mx\/wp-content\/uploads\/2025\/04\/violencia-contra-las-mujeres-1-768x431.jpg 768w\" sizes=\"auto, (max-width: 990px) 100vw, 990px\" \/><div class=\"wp-block-cover__inner-container is-layout-flow wp-block-cover-is-layout-flow\">\n<p class=\"has-text-align-center has-large-font-size\"><span class=\"has-inline-color has-vivid-green-cyan-color\"><strong>Violencia contra las Mujere<\/strong>s<\/span><\/p>\n<\/div><\/div>\n<\/div>\n\n\n\n<div class=\"wp-block-column is-vertically-aligned-center is-layout-flow wp-block-column-is-layout-flow\">\n<div class=\"wp-block-buttons is-layout-flex wp-block-buttons-is-layout-flex\">\n<div class=\"wp-block-button\"><a class=\"wp-block-button__link\" href=\"https:\/\/genero.congresocdmx.gob.mx\/wp-content\/uploads\/2025\/04\/Violencia-Contras-las-Mujeres.pdf\">Descargar Folleto <\/a><\/div>\n<\/div>\n\n\n\n<p><\/p>\n<\/div>\n<\/div>\n\n\n\n<div class=\"wp-block-columns is-layout-flex wp-container-core-columns-is-layout-9d6595d7 wp-block-columns-is-layout-flex\">\n<div class=\"wp-block-column is-layout-flow wp-block-column-is-layout-flow\">\n<div class=\"wp-block-cover has-background-dim\"><img loading=\"lazy\" decoding=\"async\" width=\"990\" height=\"557\" class=\"wp-block-cover__image-background wp-image-8956\" alt=\"\" src=\"https:\/\/genero.congresocdmx.gob.mx\/wp-content\/uploads\/2025\/04\/violencia-vicaria.jpg\" data-object-fit=\"cover\" srcset=\"https:\/\/genero.congresocdmx.gob.mx\/wp-content\/uploads\/2025\/04\/violencia-vicaria.jpg 990w, https:\/\/genero.congresocdmx.gob.mx\/wp-content\/uploads\/2025\/04\/violencia-vicaria-300x169.jpg 300w, https:\/\/genero.congresocdmx.gob.mx\/wp-content\/uploads\/2025\/04\/violencia-vicaria-768x432.jpg 768w\" sizes=\"auto, (max-width: 990px) 100vw, 990px\" \/><div class=\"wp-block-cover__inner-container is-layout-flow wp-block-cover-is-layout-flow\">\n<p><\/p>\n\n\n\n<p><\/p>\n\n\n\n<p><\/p>\n\n\n\n<p><\/p>\n\n\n\n<p><\/p>\n\n\n\n<p><\/p>\n\n\n\n<p><\/p>\n\n\n\n<p><\/p>\n\n\n\n<p class=\"has-text-align-right has-large-font-size\"><span class=\"has-inline-color has-vivid-green-cyan-color\"><strong>Violencia Vicar<\/strong>ia<\/span><\/p>\n<\/div><\/div>\n<\/div>\n\n\n\n<div class=\"wp-block-column is-vertically-aligned-center is-layout-flow wp-block-column-is-layout-flow\">\n<p><\/p>\n\n\n\n<div class=\"wp-block-buttons is-content-justification-space-between is-layout-flex wp-block-buttons-is-layout-flex\">\n<div class=\"wp-block-button\"><a class=\"wp-block-button__link\" href=\"https:\/\/genero.congresocdmx.gob.mx\/wp-content\/uploads\/2025\/04\/violencia-vicaria-1.pdf\">Descargar Folleto<\/a><\/div>\n<\/div>\n<\/div>\n<\/div>\n\n\n\n<div class=\"wp-block-columns is-layout-flex wp-container-core-columns-is-layout-9d6595d7 wp-block-columns-is-layout-flex\">\n<div class=\"wp-block-column is-layout-flow wp-block-column-is-layout-flow\">\n<figure class=\"wp-block-image size-full\"><img loading=\"lazy\" decoding=\"async\" width=\"1024\" height=\"1005\" src=\"https:\/\/genero.congresocdmx.gob.mx\/wp-content\/uploads\/2025\/04\/Derechos-sexuales-1.png\" alt=\"\" class=\"wp-image-8959\" srcset=\"https:\/\/genero.congresocdmx.gob.mx\/wp-content\/uploads\/2025\/04\/Derechos-sexuales-1.png 1024w, https:\/\/genero.congresocdmx.gob.mx\/wp-content\/uploads\/2025\/04\/Derechos-sexuales-1-300x294.png 300w, https:\/\/genero.congresocdmx.gob.mx\/wp-content\/uploads\/2025\/04\/Derechos-sexuales-1-768x754.png 768w, https:\/\/genero.congresocdmx.gob.mx\/wp-content\/uploads\/2025\/04\/Derechos-sexuales-1-75x75.png 75w, https:\/\/genero.congresocdmx.gob.mx\/wp-content\/uploads\/2025\/04\/Derechos-sexuales-1-45x45.png 45w\" sizes=\"auto, (max-width: 1024px) 100vw, 1024px\" \/><\/figure>\n<\/div>\n\n\n\n<div class=\"wp-block-column is-vertically-aligned-center is-layout-flow wp-block-column-is-layout-flow\">\n<div class=\"wp-block-buttons is-layout-flex wp-block-buttons-is-layout-flex\">\n<div class=\"wp-block-button\"><a class=\"wp-block-button__link\" href=\"https:\/\/genero.congresocdmx.gob.mx\/wp-content\/uploads\/2025\/04\/Derechos-Sexuales-y-Reproductivos.pdf\">Descargar Folleto<\/a><\/div>\n<\/div>\n<\/div>\n<\/div>\n\n\n\n\n\n<figure class=\"wp-block-image size-large\"><a href=\"https:\/\/genero.congresocdmx.gob.mx\/wp-content\/uploads\/2024\/07\/Numeraria-I-y-II-L-Ini-Dict-30072024.pdf\"><img loading=\"lazy\" decoding=\"async\" width=\"1024\" height=\"493\" src=\"https:\/\/genero.congresocdmx.gob.mx\/wp-content\/uploads\/2024\/07\/Portal_numeralia--1024x493.png\" alt=\"\" class=\"wp-image-8746\" srcset=\"https:\/\/genero.congresocdmx.gob.mx\/wp-content\/uploads\/2024\/07\/Portal_numeralia--1024x493.png 1024w, https:\/\/genero.congresocdmx.gob.mx\/wp-content\/uploads\/2024\/07\/Portal_numeralia--300x144.png 300w, https:\/\/genero.congresocdmx.gob.mx\/wp-content\/uploads\/2024\/07\/Portal_numeralia--768x370.png 768w, https:\/\/genero.congresocdmx.gob.mx\/wp-content\/uploads\/2024\/07\/Portal_numeralia--1536x740.png 1536w, https:\/\/genero.congresocdmx.gob.mx\/wp-content\/uploads\/2024\/07\/Portal_numeralia--2048x986.png 2048w, https:\/\/genero.congresocdmx.gob.mx\/wp-content\/uploads\/2024\/07\/Portal_numeralia--1140x549.png 1140w\" sizes=\"auto, (max-width: 1024px) 100vw, 1024px\" \/><\/a><\/figure>\n\n\n\n<figure class=\"wp-block-image size-large is-resized\"><a href=\"https:\/\/genero.congresocdmx.gob.mx\/wp-content\/uploads\/2023\/06\/Linea-tiempo-LGBTTI-FINALJUN2023.pdf\"><img loading=\"lazy\" decoding=\"async\" src=\"https:\/\/genero.congresocdmx.gob.mx\/wp-content\/uploads\/2023\/06\/WhatsApp-Image-2023-06-28-at-18.47.18-1024x493.jpeg\" alt=\"\" class=\"wp-image-8264\" width=\"840\" height=\"404\" srcset=\"https:\/\/genero.congresocdmx.gob.mx\/wp-content\/uploads\/2023\/06\/WhatsApp-Image-2023-06-28-at-18.47.18-1024x493.jpeg 1024w, https:\/\/genero.congresocdmx.gob.mx\/wp-content\/uploads\/2023\/06\/WhatsApp-Image-2023-06-28-at-18.47.18-300x144.jpeg 300w, https:\/\/genero.congresocdmx.gob.mx\/wp-content\/uploads\/2023\/06\/WhatsApp-Image-2023-06-28-at-18.47.18-768x370.jpeg 768w, https:\/\/genero.congresocdmx.gob.mx\/wp-content\/uploads\/2023\/06\/WhatsApp-Image-2023-06-28-at-18.47.18-1536x739.jpeg 1536w, https:\/\/genero.congresocdmx.gob.mx\/wp-content\/uploads\/2023\/06\/WhatsApp-Image-2023-06-28-at-18.47.18-1140x549.jpeg 1140w, https:\/\/genero.congresocdmx.gob.mx\/wp-content\/uploads\/2023\/06\/WhatsApp-Image-2023-06-28-at-18.47.18.jpeg 1600w\" sizes=\"auto, (max-width: 840px) 100vw, 840px\" \/><\/a><\/figure>\n\n\n\n<figure class=\"wp-block-image size-large\"><a href=\"https:\/\/genero.congresocdmx.gob.mx\/wp-content\/uploads\/2023\/06\/Arti\u0301culo-28-mayo-2023.pdf\"><img loading=\"lazy\" decoding=\"async\" width=\"1024\" height=\"493\" src=\"https:\/\/genero.congresocdmx.gob.mx\/wp-content\/uploads\/2023\/06\/Portal_28_mayo_2023png-1024x493.png\" alt=\"\" class=\"wp-image-8219\" srcset=\"https:\/\/genero.congresocdmx.gob.mx\/wp-content\/uploads\/2023\/06\/Portal_28_mayo_2023png-1024x493.png 1024w, https:\/\/genero.congresocdmx.gob.mx\/wp-content\/uploads\/2023\/06\/Portal_28_mayo_2023png-300x144.png 300w, https:\/\/genero.congresocdmx.gob.mx\/wp-content\/uploads\/2023\/06\/Portal_28_mayo_2023png-768x370.png 768w, https:\/\/genero.congresocdmx.gob.mx\/wp-content\/uploads\/2023\/06\/Portal_28_mayo_2023png-1536x740.png 1536w, https:\/\/genero.congresocdmx.gob.mx\/wp-content\/uploads\/2023\/06\/Portal_28_mayo_2023png-2048x986.png 2048w, https:\/\/genero.congresocdmx.gob.mx\/wp-content\/uploads\/2023\/06\/Portal_28_mayo_2023png-1140x549.png 1140w\" sizes=\"auto, (max-width: 1024px) 100vw, 1024px\" \/><\/a><\/figure>\n\n\n\n<h1 class=\"has-text-align-center wp-block-heading\">Folletos<\/h1>\n\n\n\n<figure class=\"wp-block-image size-large\"><a href=\"https:\/\/genero.congresocdmx.gob.mx\/wp-content\/uploads\/2022\/05\/LGBTTTI.pdf\"><img loading=\"lazy\" decoding=\"async\" width=\"1024\" height=\"576\" src=\"https:\/\/genero.congresocdmx.gob.mx\/wp-content\/uploads\/2022\/05\/Difusion_Homofobia-1024x576.png\" alt=\"\" class=\"wp-image-7730\" srcset=\"https:\/\/genero.congresocdmx.gob.mx\/wp-content\/uploads\/2022\/05\/Difusion_Homofobia-1024x576.png 1024w, https:\/\/genero.congresocdmx.gob.mx\/wp-content\/uploads\/2022\/05\/Difusion_Homofobia-300x169.png 300w, https:\/\/genero.congresocdmx.gob.mx\/wp-content\/uploads\/2022\/05\/Difusion_Homofobia-768x432.png 768w, https:\/\/genero.congresocdmx.gob.mx\/wp-content\/uploads\/2022\/05\/Difusion_Homofobia-1536x864.png 1536w, https:\/\/genero.congresocdmx.gob.mx\/wp-content\/uploads\/2022\/05\/Difusion_Homofobia-2048x1152.png 2048w, https:\/\/genero.congresocdmx.gob.mx\/wp-content\/uploads\/2022\/05\/Difusion_Homofobia-1140x641.png 1140w\" sizes=\"auto, (max-width: 1024px) 100vw, 1024px\" \/><\/a><\/figure>\n\n\n\n<hr class=\"wp-block-separator\"\/>\n\n\n\n<div class=\"wp-block-image\"><figure class=\"aligncenter size-full\"><a href=\"https:\/\/genero.congresocdmx.gob.mx\/wp-content\/uploads\/2021\/09\/SISTEMATIZACION_DE_LA_EXPERIENCIA_30092021.pdf\"><img loading=\"lazy\" decoding=\"async\" width=\"800\" height=\"350\" src=\"https:\/\/genero.congresocdmx.gob.mx\/wp-content\/uploads\/2021\/09\/Difusio\u0301n-4to-trimestre-Micrositio.png\" alt=\"\" class=\"wp-image-7343\" srcset=\"https:\/\/genero.congresocdmx.gob.mx\/wp-content\/uploads\/2021\/09\/Difusio\u0301n-4to-trimestre-Micrositio.png 800w, https:\/\/genero.congresocdmx.gob.mx\/wp-content\/uploads\/2021\/09\/Difusio\u0301n-4to-trimestre-Micrositio-300x131.png 300w, https:\/\/genero.congresocdmx.gob.mx\/wp-content\/uploads\/2021\/09\/Difusio\u0301n-4to-trimestre-Micrositio-768x336.png 768w\" sizes=\"auto, (max-width: 800px) 100vw, 800px\" \/><\/a><\/figure><\/div>\n\n\n\n<ul class=\"wp-block-list\"><li><strong>Violencia Pol\u00edtica contra las mujeres las reformas en la Ciudad de M\u00e9xico<\/strong><\/li><\/ul>\n\n\n\n<div class=\"wp-block-media-text alignwide is-stacked-on-mobile\"><figure class=\"wp-block-media-text__media\"><img loading=\"lazy\" decoding=\"async\" width=\"1024\" height=\"1024\" src=\"https:\/\/genero.congresocdmx.gob.mx\/wp-content\/uploads\/2021\/01\/FB_violencia_politica-1024x1024.png\" alt=\"\" class=\"wp-image-6856 size-full\" srcset=\"https:\/\/genero.congresocdmx.gob.mx\/wp-content\/uploads\/2021\/01\/FB_violencia_politica-1024x1024.png 1024w, https:\/\/genero.congresocdmx.gob.mx\/wp-content\/uploads\/2021\/01\/FB_violencia_politica-300x300.png 300w, https:\/\/genero.congresocdmx.gob.mx\/wp-content\/uploads\/2021\/01\/FB_violencia_politica-150x150.png 150w, https:\/\/genero.congresocdmx.gob.mx\/wp-content\/uploads\/2021\/01\/FB_violencia_politica-768x768.png 768w, https:\/\/genero.congresocdmx.gob.mx\/wp-content\/uploads\/2021\/01\/FB_violencia_politica-1536x1536.png 1536w, https:\/\/genero.congresocdmx.gob.mx\/wp-content\/uploads\/2021\/01\/FB_violencia_politica-2048x2048.png 2048w, https:\/\/genero.congresocdmx.gob.mx\/wp-content\/uploads\/2021\/01\/FB_violencia_politica-1140x1140.png 1140w, https:\/\/genero.congresocdmx.gob.mx\/wp-content\/uploads\/2021\/01\/FB_violencia_politica-75x75.png 75w, https:\/\/genero.congresocdmx.gob.mx\/wp-content\/uploads\/2021\/01\/FB_violencia_politica-45x45.png 45w\" sizes=\"auto, (max-width: 1024px) 100vw, 1024px\" \/><\/figure><div class=\"wp-block-media-text__content\">\n<p class=\"has-normal-font-size\">La violencia contra las mujeres en la vida pol\u00edtica impide que las mujeres contribuyan a la toma de decisiones que afectan a sus vidas y que se beneficien de este proceso, al restringir sus opciones y limitar su capacidad para influir en los espacios donde se toman las decisiones<\/p>\n\n\n\n<p><a href=\"https:\/\/genero.congresocdmx.gob.mx\/wp-content\/uploads\/2021\/01\/11.CELIG-FolletoVioPolMuj-20201223.pdf\" target=\"_blank\" rel=\"noreferrer noopener\">Ver m\u00e1s<\/a><\/p>\n<\/div><\/div>\n\n\n\n<ul class=\"wp-block-list\"><li><strong>28 de septiembre. \u201cD\u00eda de Acci\u00f3n Global por un Aborto Legal, Seguro y Gratuito\u201d<\/strong><\/li><\/ul>\n\n\n\n<div class=\"wp-block-media-text alignwide\"><figure class=\"wp-block-media-text__media\"><img loading=\"lazy\" decoding=\"async\" width=\"1024\" height=\"576\" src=\"https:\/\/genero.congresocdmx.gob.mx\/wp-content\/uploads\/2020\/10\/ILETW-1024x576.png\" alt=\"\" class=\"wp-image-6548 size-full\" srcset=\"https:\/\/genero.congresocdmx.gob.mx\/wp-content\/uploads\/2020\/10\/ILETW-1024x576.png 1024w, https:\/\/genero.congresocdmx.gob.mx\/wp-content\/uploads\/2020\/10\/ILETW-300x169.png 300w, https:\/\/genero.congresocdmx.gob.mx\/wp-content\/uploads\/2020\/10\/ILETW-768x432.png 768w, https:\/\/genero.congresocdmx.gob.mx\/wp-content\/uploads\/2020\/10\/ILETW-1140x641.png 1140w, https:\/\/genero.congresocdmx.gob.mx\/wp-content\/uploads\/2020\/10\/ILETW.png 1600w\" sizes=\"auto, (max-width: 1024px) 100vw, 1024px\" \/><\/figure><div class=\"wp-block-media-text__content\">\n<p> Este d\u00eda se conmemora cada a\u00f1o para exigir que los Estados protejan la vida de las mujeres, garanticen la salud sexual y reproductiva, el acceso a anticoncepci\u00f3n segura y eficaz y la despenalizaci\u00f3n y legalizaci\u00f3n del aborto. En otras palabras, para hacer una realidad el derecho a decidir de todas las mujeres del mundo. <\/p>\n\n\n\n<p><a href=\"https:\/\/genero.congresocdmx.gob.mx\/wp-content\/uploads\/2020\/10\/8-CELIG-Folleto-ILE-28Sep-2020.pdf\" target=\"_blank\" rel=\"noreferrer noopener\" aria-label=\"Ver m\u00e1s (abre en una nueva pesta\u00f1a)\">Ver m\u00e1s<\/a><\/p>\n<\/div><\/div>\n\n\n\n<hr class=\"wp-block-separator\"\/>\n\n\n\n<ul class=\"wp-block-list\"><li><strong>28 de junio. D\u00eda del orgullo LGBTTTI+<\/strong><\/li><\/ul>\n\n\n\n<div class=\"wp-block-media-text alignwide has-media-on-the-right\"><figure class=\"wp-block-media-text__media\"><img loading=\"lazy\" decoding=\"async\" width=\"831\" height=\"400\" src=\"https:\/\/genero.congresocdmx.gob.mx\/wp-content\/uploads\/2020\/06\/28-de-junio-banner-2.png\" alt=\"\" class=\"wp-image-4243 size-full\" srcset=\"https:\/\/genero.congresocdmx.gob.mx\/wp-content\/uploads\/2020\/06\/28-de-junio-banner-2.png 831w, https:\/\/genero.congresocdmx.gob.mx\/wp-content\/uploads\/2020\/06\/28-de-junio-banner-2-300x144.png 300w, https:\/\/genero.congresocdmx.gob.mx\/wp-content\/uploads\/2020\/06\/28-de-junio-banner-2-768x370.png 768w\" sizes=\"auto, (max-width: 831px) 100vw, 831px\" \/><\/figure><div class=\"wp-block-media-text__content\">\n<p>El 28 de junio se conmemora el D\u00eda del Orgullo LGBTTTI+, en este marco, se presentan algunos datos de dos encuestas: la Encuesta sobre Discriminaci\u00f3n en la CDMX (2017) y la Encuesta sobre Diversidad y Talento LGBT en M\u00e9xico (2018) que muestran aspectos sobre la discriminaci\u00f3n de la que es objeto la comunidad LGBTI.<\/p>\n\n\n\n<p><a href=\"https:\/\/genero.congresocdmx.gob.mx\/wp-content\/uploads\/2020\/07\/Di\u0301a-del-Orgullo-LQBTTTI.pdf\" target=\"_blank\" rel=\"noreferrer noopener\" aria-label=\" (abre en una nueva pesta\u00f1a)\">Ver m\u00e1s&#8230;<\/a><\/p>\n<\/div><\/div>\n\n\n\n<div style=\"height:20px\" aria-hidden=\"true\" class=\"wp-block-spacer\"><\/div>\n\n\n\n<hr class=\"wp-block-separator\"\/>\n\n\n\n<ul class=\"wp-block-list\"><li><strong>&#8220;Hacia&nbsp;la&nbsp;vivencia&nbsp;permanente&nbsp;de&nbsp;una&nbsp;paternidad&nbsp;integral&nbsp;en&nbsp;M\u00e9xico&#8221;<\/strong><\/li><\/ul>\n\n\n\n<div class=\"wp-block-media-text alignwide\"><figure class=\"wp-block-media-text__media\"><img loading=\"lazy\" decoding=\"async\" width=\"1024\" height=\"1024\" src=\"https:\/\/genero.congresocdmx.gob.mx\/wp-content\/uploads\/2020\/06\/WhatsApp-Image-2020-06-20-at-19.54.42-1-1024x1024.jpeg\" alt=\"\" class=\"wp-image-4209 size-full\" srcset=\"https:\/\/genero.congresocdmx.gob.mx\/wp-content\/uploads\/2020\/06\/WhatsApp-Image-2020-06-20-at-19.54.42-1-1024x1024.jpeg 1024w, https:\/\/genero.congresocdmx.gob.mx\/wp-content\/uploads\/2020\/06\/WhatsApp-Image-2020-06-20-at-19.54.42-1-150x150.jpeg 150w, https:\/\/genero.congresocdmx.gob.mx\/wp-content\/uploads\/2020\/06\/WhatsApp-Image-2020-06-20-at-19.54.42-1-300x300.jpeg 300w, https:\/\/genero.congresocdmx.gob.mx\/wp-content\/uploads\/2020\/06\/WhatsApp-Image-2020-06-20-at-19.54.42-1-768x768.jpeg 768w, https:\/\/genero.congresocdmx.gob.mx\/wp-content\/uploads\/2020\/06\/WhatsApp-Image-2020-06-20-at-19.54.42-1-1140x1140.jpeg 1140w, https:\/\/genero.congresocdmx.gob.mx\/wp-content\/uploads\/2020\/06\/WhatsApp-Image-2020-06-20-at-19.54.42-1-75x75.jpeg 75w, https:\/\/genero.congresocdmx.gob.mx\/wp-content\/uploads\/2020\/06\/WhatsApp-Image-2020-06-20-at-19.54.42-1-45x45.jpeg 45w, https:\/\/genero.congresocdmx.gob.mx\/wp-content\/uploads\/2020\/06\/WhatsApp-Image-2020-06-20-at-19.54.42-1.jpeg 1280w\" sizes=\"auto, (max-width: 1024px) 100vw, 1024px\" \/><\/figure><div class=\"wp-block-media-text__content\">\n<p class=\"has-text-align-left\">El CELIG en colaboraci\u00f3n con GENDES A. C., invitan a todas y todos a reflexionar sobre la paternidad integral en M\u00e9xico y sobre la participaci\u00f3n de los hombres en las tareas de cuidado.<\/p>\n\n\n\n<p><a href=\"https:\/\/genero.congresocdmx.gob.mx\/wp-content\/uploads\/2020\/06\/paternidades_pliego_2.pdf\" target=\"_blank\" rel=\"noreferrer noopener\" aria-label=\"Ver m\u00e1s... (abre en una nueva pesta\u00f1a)\">Ver m\u00e1s&#8230;<\/a><\/p>\n<\/div><\/div>\n\n\n\n<div style=\"height:20px\" aria-hidden=\"true\" class=\"wp-block-spacer\"><\/div>\n\n\n\n<hr class=\"wp-block-separator\"\/>\n\n\n\n<ul class=\"wp-block-list\"><li><strong>\u201c28 de mayo. D\u00eda Internacional de Acci\u00f3n por la Salud de las Mujeres\u201d<\/strong><\/li><\/ul>\n\n\n\n<div class=\"wp-block-media-text alignwide has-media-on-the-right\" style=\"grid-template-columns:auto 51%\"><figure class=\"wp-block-media-text__media\"><img loading=\"lazy\" decoding=\"async\" width=\"831\" height=\"400\" src=\"https:\/\/genero.congresocdmx.gob.mx\/wp-content\/uploads\/2020\/05\/28-de-junio-banner.png\" alt=\"\" class=\"wp-image-4115 size-full\" srcset=\"https:\/\/genero.congresocdmx.gob.mx\/wp-content\/uploads\/2020\/05\/28-de-junio-banner.png 831w, https:\/\/genero.congresocdmx.gob.mx\/wp-content\/uploads\/2020\/05\/28-de-junio-banner-300x144.png 300w, https:\/\/genero.congresocdmx.gob.mx\/wp-content\/uploads\/2020\/05\/28-de-junio-banner-768x370.png 768w\" sizes=\"auto, (max-width: 831px) 100vw, 831px\" \/><\/figure><div class=\"wp-block-media-text__content\">\n<p>El 2020 en el contexto de la pandemia del coronavirus (COVID-19), los Estados de la<br> regi\u00f3n enfrentan al gran desaf\u00edo de garantizar el derecho a la salud y por tanto los derechos sexuales y derechos reproductivos de las mujeres, j\u00f3venes, adolescentes y ni\u00f1as. <\/p>\n\n\n\n<p><a href=\"https:\/\/genero.congresocdmx.gob.mx\/wp-content\/uploads\/2020\/05\/28-de-Mayo-documento-para-micrositio-28052020.pdf\" target=\"_blank\" rel=\"noreferrer noopener\" aria-label=\"Ver m\u00e1s... (abre en una nueva pesta\u00f1a)\">Ver m\u00e1s&#8230;<\/a><\/p>\n<\/div><\/div>\n\n\n\n<div style=\"height:25px\" aria-hidden=\"true\" class=\"wp-block-spacer\"><\/div>\n\n\n\n<hr class=\"wp-block-separator\"\/>\n\n\n\n<ul class=\"wp-block-list\"><li><strong>24 de abril. A 13 a\u00f1os de la Interrupci\u00f3n Legal del Embarazo en la Ciudad de M\u00e9xico<\/strong><\/li><\/ul>\n\n\n\n<figure class=\"wp-block-image\"><img loading=\"lazy\" decoding=\"async\" width=\"1024\" height=\"512\" src=\"https:\/\/genero.congresocdmx.gob.mx\/wp-content\/uploads\/2020\/04\/ILE-1024x512.png\" alt=\"\" class=\"wp-image-3958\" srcset=\"https:\/\/genero.congresocdmx.gob.mx\/wp-content\/uploads\/2020\/04\/ILE.png 1024w, https:\/\/genero.congresocdmx.gob.mx\/wp-content\/uploads\/2020\/04\/ILE-300x150.png 300w, https:\/\/genero.congresocdmx.gob.mx\/wp-content\/uploads\/2020\/04\/ILE-768x384.png 768w\" sizes=\"auto, (max-width: 1024px) 100vw, 1024px\" \/><\/figure>\n\n\n\n<div style=\"height:20px\" aria-hidden=\"true\" class=\"wp-block-spacer\"><\/div>\n\n\n\n<hr class=\"wp-block-separator\"\/>\n\n\n\n<ul class=\"wp-block-list\"><li><strong>Violencia digital<\/strong><\/li><\/ul>\n\n\n\n<div class=\"wp-block-media-text alignwide\"><figure class=\"wp-block-media-text__media\"><img loading=\"lazy\" decoding=\"async\" width=\"1024\" height=\"768\" src=\"https:\/\/genero.congresocdmx.gob.mx\/wp-content\/uploads\/2020\/04\/Captura-de-Pantalla-2020-04-17-a-las-20.37.43-1024x768.png\" alt=\"\" class=\"wp-image-3869 size-full\" srcset=\"https:\/\/genero.congresocdmx.gob.mx\/wp-content\/uploads\/2020\/04\/Captura-de-Pantalla-2020-04-17-a-las-20.37.43-1024x768.png 1024w, https:\/\/genero.congresocdmx.gob.mx\/wp-content\/uploads\/2020\/04\/Captura-de-Pantalla-2020-04-17-a-las-20.37.43-300x225.png 300w, https:\/\/genero.congresocdmx.gob.mx\/wp-content\/uploads\/2020\/04\/Captura-de-Pantalla-2020-04-17-a-las-20.37.43-768x576.png 768w, https:\/\/genero.congresocdmx.gob.mx\/wp-content\/uploads\/2020\/04\/Captura-de-Pantalla-2020-04-17-a-las-20.37.43-1140x855.png 1140w, https:\/\/genero.congresocdmx.gob.mx\/wp-content\/uploads\/2020\/04\/Captura-de-Pantalla-2020-04-17-a-las-20.37.43.png 2018w\" sizes=\"auto, (max-width: 1024px) 100vw, 1024px\" \/><\/figure><div class=\"wp-block-media-text__content\">\n<p>La violencia sexual contra las mujeres en el \u00e1mbito digital es un grave problema que debe ser prevenido, atendido y sancionado cuando este ocurre. Las mujeres llegan a enfrentar acoso, grooming, amenazas, extorsi\u00f3n, desprestigio o explotaci\u00f3n de im\u00e1genes sexuales intimas de su persona.<\/p>\n\n\n\n<p><a href=\"https:\/\/genero.congresocdmx.gob.mx\/wp-content\/uploads\/2020\/04\/CELIG-FolletoViolenciaDigital-20200402.pdf\" target=\"_blank\" rel=\"noreferrer noopener\" aria-label=\"Ver m\u00e1s...  (abre en una nueva pesta\u00f1a)\">Ver m\u00e1s&#8230; <\/a><\/p>\n<\/div><\/div>\n","protected":false},"excerpt":{"rendered":"<p>Folletos Violencia Pol\u00edtica contra las mujeres las reformas en la Ciudad de M\u00e9xico La violencia contra las mujeres en la vida pol\u00edtica impide que las mujeres contribuyan a la toma de decisiones que afectan a sus vidas y que se beneficien de este proceso, al restringir sus opciones y limitar su capacidad para influir en los espacios donde se toman las decisiones Ver m\u00e1s 28 de septiembre. \u201cD\u00eda de Acci\u00f3n Global por un Aborto Legal, Seguro y Gratuito\u201d Este d\u00eda se conmemora cada a\u00f1o para exigir que los Estados protejan la vida de las mujeres, garanticen la salud sexual y reproductiva, el acceso a anticoncepci\u00f3n segura y eficaz y la despenalizaci\u00f3n y legalizaci\u00f3n del aborto. En otras palabras, para hacer una realidad el derecho a decidir de todas las mujeres del mundo. Ver m\u00e1s 28 de junio. D\u00eda del orgullo LGBTTTI+ El 28 de junio se conmemora el D\u00eda del Orgullo LGBTTTI+, en este marco, se presentan algunos datos de dos encuestas: la Encuesta sobre Discriminaci\u00f3n en la CDMX (2017) y la Encuesta sobre Diversidad y Talento LGBT en M\u00e9xico (2018) que muestran aspectos sobre la discriminaci\u00f3n de la que es objeto la comunidad LGBTI. Ver m\u00e1s&#8230; &#8220;Hacia&nbsp;la&nbsp;vivencia&nbsp;permanente&nbsp;de&nbsp;una&nbsp;paternidad&nbsp;integral&nbsp;en&nbsp;M\u00e9xico&#8221; El CELIG en colaboraci\u00f3n con GENDES A. C., invitan a todas y todos a reflexionar sobre la paternidad integral en M\u00e9xico y sobre la participaci\u00f3n de los hombres en las tareas de cuidado. Ver m\u00e1s&#8230; \u201c28 de mayo. D\u00eda Internacional de Acci\u00f3n por la Salud de las Mujeres\u201d El 2020 en el contexto de la pandemia del coronavirus (COVID-19), los Estados de la regi\u00f3n enfrentan al gran desaf\u00edo de garantizar el derecho a la salud y por tanto los derechos sexuales y derechos reproductivos de las mujeres, j\u00f3venes, adolescentes y ni\u00f1as. Ver m\u00e1s&#8230; 24 de abril. A 13 a\u00f1os de la Interrupci\u00f3n Legal del Embarazo en la Ciudad de M\u00e9xico Violencia digital La violencia sexual contra las mujeres en el \u00e1mbito digital es un grave problema que debe ser prevenido, atendido y sancionado cuando este ocurre. Las mujeres llegan a enfrentar acoso, grooming, amenazas, extorsi\u00f3n, desprestigio o explotaci\u00f3n de im\u00e1genes sexuales intimas de su persona. Ver m\u00e1s&#8230;<\/p>\n","protected":false},"author":1,"featured_media":0,"parent":0,"menu_order":0,"comment_status":"closed","ping_status":"closed","template":"","meta":{"footnotes":""},"class_list":["post-3864","page","type-page","status-publish","hentry"],"_links":{"self":[{"href":"https:\/\/genero.congresocdmx.gob.mx\/index.php\/wp-json\/wp\/v2\/pages\/3864","targetHints":{"allow":["GET"]}}],"collection":[{"href":"https:\/\/genero.congresocdmx.gob.mx\/index.php\/wp-json\/wp\/v2\/pages"}],"about":[{"href":"https:\/\/genero.congresocdmx.gob.mx\/index.php\/wp-json\/wp\/v2\/types\/page"}],"author":[{"embeddable":true,"href":"https:\/\/genero.congresocdmx.gob.mx\/index.php\/wp-json\/wp\/v2\/users\/1"}],"replies":[{"embeddable":true,"href":"https:\/\/genero.congresocdmx.gob.mx\/index.php\/wp-json\/wp\/v2\/comments?post=3864"}],"version-history":[{"count":30,"href":"https:\/\/genero.congresocdmx.gob.mx\/index.php\/wp-json\/wp\/v2\/pages\/3864\/revisions"}],"predecessor-version":[{"id":9359,"href":"https:\/\/genero.congresocdmx.gob.mx\/index.php\/wp-json\/wp\/v2\/pages\/3864\/revisions\/9359"}],"wp:attachment":[{"href":"https:\/\/genero.congresocdmx.gob.mx\/index.php\/wp-json\/wp\/v2\/media?parent=3864"}],"curies":[{"name":"wp","href":"https:\/\/api.w.org\/{rel}","templated":true}]}}