{"id":2559,"date":"2020-01-16T23:30:32","date_gmt":"2020-01-17T05:30:32","guid":{"rendered":"https:\/\/genero.congresocdmx.gob.mx\/?page_id=2559"},"modified":"2026-04-11T00:49:23","modified_gmt":"2026-04-11T06:49:23","slug":"estructura-organica","status":"publish","type":"page","link":"https:\/\/genero.congresocdmx.gob.mx\/index.php\/estructura-organica\/","title":{"rendered":"Estructura Org\u00e1nica"},"content":{"rendered":"\n<h1 class=\"wp-block-heading has-text-align-right\"><strong>Estructura Org\u00e1nica <\/strong><\/h1>\n\n\n\n<div style=\"height:60px\" aria-hidden=\"true\" class=\"wp-block-spacer\"><\/div>\n\n\n\n<p><strong>Mtra. Alin Mara L\u00f3pez Ledezma<\/strong><\/p>\n\n\n\n<p>Titular<\/p>\n\n\n\n<p><a href=\"https:\/\/drive.google.com\/file\/d\/1mnW6VbyAokROBHPWy-XIcnnjYLLI_Kp1\/view\">mara.lopez@congresocdmx.gob.mx<\/a><\/p>\n\n\n\n<hr class=\"wp-block-separator has-css-opacity\"\/>\n\n\n\n<p><strong>Lic. Alba Pe\u00f1a Robles<\/strong><\/p>\n\n\n\n<p>Coordinaci\u00f3n Ejecutiva &#8220;A&#8221; <\/p>\n\n\n\n<p>celig@congresocdmx.gob.mx <\/p>\n\n\n\n<hr class=\"wp-block-separator has-css-opacity\"\/>\n\n\n\n<p><strong>Lic. Mar\u00eda Isabel Meunier Rocha<\/strong><\/p>\n\n\n\n<p>Jefatura de Departamento de Desarrollo de Indicadores y Datos Estad\u00edsticos para la Igualdad de G\u00e9nero<\/p>\n\n\n\n<hr class=\"wp-block-separator has-css-opacity\"\/>\n\n\n\n<p><strong>Lic. Sofia Margarita Provencio O&#8217;Donoghue<\/strong><\/p>\n\n\n\n<p>Subdirecci\u00f3n de An\u00e1lisis de Iniciativas y Puntos de Acuerdo sobre Derechos Humanos de las Mujeres y Personas LGBTTTIQA+ y Grupos Prioritarios<\/p>\n\n\n\n<hr class=\"wp-block-separator has-css-opacity\"\/>\n\n\n\n<p><strong>C. Lisette Jim\u00e9nez Luz<\/strong><\/p>\n\n\n\n<p>Jefatura de Departamento de An\u00e1lisis y Atenci\u00f3n de Grupos Prioritarios<\/p>\n\n\n\n<hr class=\"wp-block-separator has-css-opacity\"\/>\n\n\n\n<p><strong>Mtra. Karla Roxette Nu\u00f1ez Hern\u00e1ndez<\/strong><\/p>\n\n\n\n<p>Subdirecci\u00f3n de Estudios y An\u00e1lisis de Presupuesto y Pol\u00edticas para el Logro de la Igualdad Sustantiva<\/p>\n\n\n\n<hr class=\"wp-block-separator has-css-opacity is-style-default\"\/>\n\n\n\n<p><strong>Mtra. Teresa Ram\u00edrez Corona<\/strong><\/p>\n\n\n\n<p>Jefatura de Departamento de Estudios Interseccionales y Seguimiento al Presupuesto y Pol\u00edticas P\u00fablicas<\/p>\n\n\n\n<hr class=\"wp-block-separator has-css-opacity\"\/>\n\n\n\n<p><strong>Lic. Mariana Brauer Aguilar<\/strong><\/p>\n\n\n\n<p>Subdirecci\u00f3n de Estudios Comparados y Acuerdos Internacionales en Materia de Derechos Humanos<\/p>\n\n\n\n<hr class=\"wp-block-separator has-css-opacity\"\/>\n\n\n\n<p><strong>Ing. Daniel Hern\u00e1ndez Soto<\/strong><\/p>\n\n\n\n<p>Jefatura de Departamento de Apoyo a Investigaciones Jur\u00eddicas<\/p>\n\n\n\n<hr class=\"wp-block-separator has-css-opacity\"\/>\n\n\n\n<p><strong>Rebeca Ruiz Rodr\u00edguez<\/strong><\/p>\n\n\n\n<p>Apoyo T\u00e9cnico<\/p>\n\n\n\n<hr class=\"wp-block-separator has-css-opacity\"\/>\n\n\n\n<p><strong>Sandra Rend\u00f3n Bustos<\/strong><\/p>\n\n\n\n<p>Apoyo T\u00e9cnico<\/p>\n\n\n\n<hr class=\"wp-block-separator has-alpha-channel-opacity\"\/>\n\n\n\n<p><strong>Enrique Belmont Vicente<\/strong><\/p>\n\n\n\n<p>Apoyo T\u00e9cnico<\/p>\n\n\n\n<p><\/p>\n","protected":false},"excerpt":{"rendered":"<p>Estructura Org\u00e1nica Mtra. Alin Mara L\u00f3pez Ledezma Titular mara.lopez@congresocdmx.gob.mx Lic. Alba Pe\u00f1a Robles Coordinaci\u00f3n Ejecutiva &#8220;A&#8221; celig@congresocdmx.gob.mx Lic. Mar\u00eda Isabel Meunier Rocha Jefatura de Departamento de Desarrollo de Indicadores y Datos Estad\u00edsticos para la Igualdad de G\u00e9nero Lic. Sofia Margarita Provencio O&#8217;Donoghue Subdirecci\u00f3n de An\u00e1lisis de Iniciativas y Puntos de Acuerdo sobre Derechos Humanos de las Mujeres y Personas LGBTTTIQA+ y Grupos Prioritarios C. Lisette Jim\u00e9nez Luz Jefatura de Departamento de An\u00e1lisis y Atenci\u00f3n de Grupos Prioritarios Mtra. Karla Roxette Nu\u00f1ez Hern\u00e1ndez Subdirecci\u00f3n de Estudios y An\u00e1lisis de Presupuesto y Pol\u00edticas para el Logro de la Igualdad Sustantiva Mtra. Teresa Ram\u00edrez Corona Jefatura de Departamento de Estudios Interseccionales y Seguimiento al Presupuesto y Pol\u00edticas P\u00fablicas Lic. Mariana Brauer Aguilar Subdirecci\u00f3n de Estudios Comparados y Acuerdos Internacionales en Materia de Derechos Humanos Ing. Daniel Hern\u00e1ndez Soto Jefatura de Departamento de Apoyo a Investigaciones Jur\u00eddicas Rebeca Ruiz Rodr\u00edguez Apoyo T\u00e9cnico Sandra Rend\u00f3n Bustos Apoyo T\u00e9cnico Enrique Belmont Vicente Apoyo T\u00e9cnico<\/p>\n","protected":false},"author":1,"featured_media":0,"parent":0,"menu_order":0,"comment_status":"closed","ping_status":"closed","template":"","meta":{"footnotes":""},"class_list":["post-2559","page","type-page","status-publish","hentry"],"_links":{"self":[{"href":"https:\/\/genero.congresocdmx.gob.mx\/index.php\/wp-json\/wp\/v2\/pages\/2559","targetHints":{"allow":["GET"]}}],"collection":[{"href":"https:\/\/genero.congresocdmx.gob.mx\/index.php\/wp-json\/wp\/v2\/pages"}],"about":[{"href":"https:\/\/genero.congresocdmx.gob.mx\/index.php\/wp-json\/wp\/v2\/types\/page"}],"author":[{"embeddable":true,"href":"https:\/\/genero.congresocdmx.gob.mx\/index.php\/wp-json\/wp\/v2\/users\/1"}],"replies":[{"embeddable":true,"href":"https:\/\/genero.congresocdmx.gob.mx\/index.php\/wp-json\/wp\/v2\/comments?post=2559"}],"version-history":[{"count":53,"href":"https:\/\/genero.congresocdmx.gob.mx\/index.php\/wp-json\/wp\/v2\/pages\/2559\/revisions"}],"predecessor-version":[{"id":9419,"href":"https:\/\/genero.congresocdmx.gob.mx\/index.php\/wp-json\/wp\/v2\/pages\/2559\/revisions\/9419"}],"wp:attachment":[{"href":"https:\/\/genero.congresocdmx.gob.mx\/index.php\/wp-json\/wp\/v2\/media?parent=2559"}],"curies":[{"name":"wp","href":"https:\/\/api.w.org\/{rel}","templated":true}]}}