{"id":2441,"date":"2020-01-29T00:23:20","date_gmt":"2020-01-29T06:23:20","guid":{"rendered":"https:\/\/genero.congresocdmx.gob.mx\/?page_id=2441"},"modified":"2020-04-28T15:17:00","modified_gmt":"2020-04-28T20:17:00","slug":"audios-radionovela","status":"publish","type":"page","link":"https:\/\/genero.congresocdmx.gob.mx\/index.php\/audios-radionovela\/","title":{"rendered":"Radionovela"},"content":{"rendered":"\n<p style=\"text-align:left\">El Centro de Estudios Legislativos para la Igualdad de G\u00e9nero se suma a la divulgaci\u00f3n de la radionovela <em>De-mandado en el Mercado<\/em>, cuyo contenido busca hacer visible la violencia sexual contra mujeres y ni\u00f1as, porque es necesario usar diversos recursos informativos que difundan  esta problem\u00e1tica.<\/p>\n\n\n\n<p>Por ello se comparte aqu\u00ed este l\u00fadico trabajo realizado por Las Reinas Chulas Cabaret y Derechos Humanos A.C. <\/p>\n\n\n\n<p>Coproducci\u00f3n de Las Reinas Chulas Cabaret y Derechos Humanos A.C. y la Secretar\u00eda de las Mujeres de la Ciudad de M\u00e9xico (Programa Coinversi\u00f3n para la Igualdad de la Ciudad de M\u00e9xico)<\/p>\n\n\n\n<p class=\"has-small-font-size\">Guionistas: Ana Francis Mor, Ana Laura Ram\u00edrez Ramos, Cecilia Sotres, Luz Elena Aranda, Marisol Gas\u00e9 y Paola Izquierdo \/ Asesor\u00eda en temas de los guiones: Mora Fern\u00e1ndez (La Casa Mandarina) \/ Voces: Alberto Eliseo, Ana Francis Mor, Ana Laura Ram\u00edrez Ramos, Cecilia Sotres, Luz Elena Aranda, Marisol Gas\u00e9, Nora Huerta, Paola Izquierdo y Yurief Nieves \/ Direcci\u00f3n: Marisol Gas\u00e9 \/ Edici\u00f3n y postproducci\u00f3n: Yurief Nieves Estudio de grabaci\u00f3n: Mono Aural \u2013 estudio de grabaci\u00f3n y sala de ensayos \/ Escucha las temporadas anteriores en: <a href=\"http:\/\/lasreinaschulasac.org\/proyectos\/de-mandado-en-el-mercado\/\">http:\/\/lasreinaschulasac.org\/proyectos\/de-mandado-en-el-mercado\/<\/a><\/p>\n\n\n\n<hr class=\"wp-block-separator is-style-dots\"\/>\n\n\n\n<figure class=\"wp-block-image\"><img loading=\"lazy\" decoding=\"async\" width=\"1024\" height=\"448\" src=\"https:\/\/genero.congresocdmx.gob.mx\/wp-content\/uploads\/2020\/01\/radionovela-mercado-banner-1080x472-1024x448.jpg\" alt=\"\" class=\"wp-image-2625\" srcset=\"https:\/\/genero.congresocdmx.gob.mx\/wp-content\/uploads\/2020\/01\/radionovela-mercado-banner-1080x472-1024x448.jpg 1024w, https:\/\/genero.congresocdmx.gob.mx\/wp-content\/uploads\/2020\/01\/radionovela-mercado-banner-1080x472-300x131.jpg 300w, https:\/\/genero.congresocdmx.gob.mx\/wp-content\/uploads\/2020\/01\/radionovela-mercado-banner-1080x472-768x336.jpg 768w, https:\/\/genero.congresocdmx.gob.mx\/wp-content\/uploads\/2020\/01\/radionovela-mercado-banner-1080x472.jpg 1080w\" sizes=\"auto, (max-width: 1024px) 100vw, 1024px\" \/><\/figure>\n\n\n\n<hr class=\"wp-block-separator is-style-default\"\/>\n\n\n\n<p><strong><em>Cap\u00edtulo 1:<\/em><\/strong><\/p>\n\n\n\n<figure class=\"wp-block-audio\"><audio controls src=\"https:\/\/genero.congresocdmx.gob.mx\/wp-content\/uploads\/2020\/01\/1DM-CAP1.mp3\"><\/audio><\/figure>\n\n\n\n<hr class=\"wp-block-separator\"\/>\n\n\n\n<p><strong><em>Cap\u00edtulo 2:<\/em><\/strong><\/p>\n\n\n\n<figure class=\"wp-block-audio\"><audio controls src=\"https:\/\/genero.congresocdmx.gob.mx\/wp-content\/uploads\/2020\/01\/1DM-CAP2.mp3\"><\/audio><\/figure>\n\n\n\n<hr class=\"wp-block-separator\"\/>\n\n\n\n<p><strong><em>Cap\u00edtulo 3:<\/em><\/strong><\/p>\n\n\n\n<figure class=\"wp-block-audio\"><audio controls src=\"https:\/\/genero.congresocdmx.gob.mx\/wp-content\/uploads\/2020\/01\/1DM-CAP3.mp3\"><\/audio><\/figure>\n\n\n\n<hr class=\"wp-block-separator\"\/>\n\n\n\n<p><strong><em>Cap\u00edtulo 4:<\/em><\/strong><\/p>\n\n\n\n<figure class=\"wp-block-audio\"><audio controls src=\"https:\/\/genero.congresocdmx.gob.mx\/wp-content\/uploads\/2020\/01\/1DM-CAP4.mp3\"><\/audio><\/figure>\n\n\n\n<hr class=\"wp-block-separator is-style-default\"\/>\n\n\n\n<p><strong><em>Cap\u00edtulo 5:<\/em><\/strong><\/p>\n\n\n\n<figure class=\"wp-block-audio\"><audio controls src=\"https:\/\/genero.congresocdmx.gob.mx\/wp-content\/uploads\/2020\/01\/1DM-CAP5.mp3\"><\/audio><\/figure>\n\n\n\n<p><\/p>\n","protected":false},"excerpt":{"rendered":"<p>El Centro de Estudios Legislativos para la Igualdad de G\u00e9nero se suma a la divulgaci\u00f3n de la radionovela De-mandado en el Mercado, cuyo contenido busca hacer visible la violencia sexual contra mujeres y ni\u00f1as, porque es necesario usar diversos recursos informativos que difundan esta problem\u00e1tica. Por ello se comparte aqu\u00ed este l\u00fadico trabajo realizado por Las Reinas Chulas Cabaret y Derechos Humanos A.C. Coproducci\u00f3n de Las Reinas Chulas Cabaret y Derechos Humanos A.C. y la Secretar\u00eda de las Mujeres de la Ciudad de M\u00e9xico (Programa Coinversi\u00f3n para la Igualdad de la Ciudad de M\u00e9xico) Guionistas: Ana Francis Mor, Ana Laura Ram\u00edrez Ramos, Cecilia Sotres, Luz Elena Aranda, Marisol Gas\u00e9 y Paola Izquierdo \/ Asesor\u00eda en temas de los guiones: Mora Fern\u00e1ndez (La Casa Mandarina) \/ Voces: Alberto Eliseo, Ana Francis Mor, Ana Laura Ram\u00edrez Ramos, Cecilia Sotres, Luz Elena Aranda, Marisol Gas\u00e9, Nora Huerta, Paola Izquierdo y Yurief Nieves \/ Direcci\u00f3n: Marisol Gas\u00e9 \/ Edici\u00f3n y postproducci\u00f3n: Yurief Nieves Estudio de grabaci\u00f3n: Mono Aural \u2013 estudio de grabaci\u00f3n y sala de ensayos \/ Escucha las temporadas anteriores en: http:\/\/lasreinaschulasac.org\/proyectos\/de-mandado-en-el-mercado\/ Cap\u00edtulo 1: Cap\u00edtulo 2: Cap\u00edtulo 3: Cap\u00edtulo 4: Cap\u00edtulo 5:<\/p>\n","protected":false},"author":1,"featured_media":0,"parent":0,"menu_order":0,"comment_status":"closed","ping_status":"closed","template":"","meta":{"footnotes":""},"class_list":["post-2441","page","type-page","status-publish","hentry"],"_links":{"self":[{"href":"https:\/\/genero.congresocdmx.gob.mx\/index.php\/wp-json\/wp\/v2\/pages\/2441","targetHints":{"allow":["GET"]}}],"collection":[{"href":"https:\/\/genero.congresocdmx.gob.mx\/index.php\/wp-json\/wp\/v2\/pages"}],"about":[{"href":"https:\/\/genero.congresocdmx.gob.mx\/index.php\/wp-json\/wp\/v2\/types\/page"}],"author":[{"embeddable":true,"href":"https:\/\/genero.congresocdmx.gob.mx\/index.php\/wp-json\/wp\/v2\/users\/1"}],"replies":[{"embeddable":true,"href":"https:\/\/genero.congresocdmx.gob.mx\/index.php\/wp-json\/wp\/v2\/comments?post=2441"}],"version-history":[{"count":8,"href":"https:\/\/genero.congresocdmx.gob.mx\/index.php\/wp-json\/wp\/v2\/pages\/2441\/revisions"}],"predecessor-version":[{"id":3110,"href":"https:\/\/genero.congresocdmx.gob.mx\/index.php\/wp-json\/wp\/v2\/pages\/2441\/revisions\/3110"}],"wp:attachment":[{"href":"https:\/\/genero.congresocdmx.gob.mx\/index.php\/wp-json\/wp\/v2\/media?parent=2441"}],"curies":[{"name":"wp","href":"https:\/\/api.w.org\/{rel}","templated":true}]}}