{"id":2285,"date":"2019-12-18T14:08:16","date_gmt":"2019-12-18T20:08:16","guid":{"rendered":"https:\/\/genero.congresocdmx.gob.mx\/?page_id=2285"},"modified":"2026-04-11T01:00:05","modified_gmt":"2026-04-11T07:00:05","slug":"intro-base-legislativa","status":"publish","type":"page","link":"https:\/\/genero.congresocdmx.gob.mx\/index.php\/intro-base-legislativa\/","title":{"rendered":""},"content":{"rendered":"\n<h2 class=\"wp-block-heading\">Base Legislativa<\/h2>\n\n\n\n<p class=\"has-text-align-center\">El Centro de Estudios Legislativos para la Igualdad de G\u00e9nero del Congreso de la Ciudad de M\u00e9xico, durante los periodos ordinarios, extraordinarios y de receso realiza un&nbsp;<strong><em>seguimiento legislativo<\/em><\/strong><strong>&nbsp;<\/strong>de las iniciativas y puntos de acuerdo que presentan durante la legislatura, en materia de derechos humanos y perspectiva de g\u00e9nero.<\/p>\n\n\n\n<div class=\"wp-block-media-text alignwide\" style=\"grid-template-columns:15% auto\"><figure class=\"wp-block-media-text__media\"><img loading=\"lazy\" decoding=\"async\" width=\"766\" height=\"1024\" src=\"https:\/\/genero.congresocdmx.gob.mx\/wp-content\/uploads\/2020\/02\/Captura-de-Pantalla-2020-02-04-a-las-11.08.41-766x1024.png\" alt=\"\" class=\"wp-image-3000 size-full\" srcset=\"https:\/\/genero.congresocdmx.gob.mx\/wp-content\/uploads\/2020\/02\/Captura-de-Pantalla-2020-02-04-a-las-11.08.41-766x1024.png 766w, https:\/\/genero.congresocdmx.gob.mx\/wp-content\/uploads\/2020\/02\/Captura-de-Pantalla-2020-02-04-a-las-11.08.41-224x300.png 224w, https:\/\/genero.congresocdmx.gob.mx\/wp-content\/uploads\/2020\/02\/Captura-de-Pantalla-2020-02-04-a-las-11.08.41-768x1027.png 768w, https:\/\/genero.congresocdmx.gob.mx\/wp-content\/uploads\/2020\/02\/Captura-de-Pantalla-2020-02-04-a-las-11.08.41.png 928w\" sizes=\"auto, (max-width: 766px) 100vw, 766px\" \/><\/figure><div class=\"wp-block-media-text__content\">\n<p class=\"has-text-align-left\">Ver documento metodol\u00f3gico del seguimiento legislativo en este&nbsp;<strong><a rel=\"noreferrer noopener\" href=\"https:\/\/genero.congresocdmx.gob.mx\/wp-content\/uploads\/2019\/12\/CELIG-DoctoMetodologicoSegLegislativo-20191007-1.pdf\" target=\"_blank\">Link<\/a><\/strong><\/p>\n<\/div><\/div>\n\n\n\n<div style=\"height:20px\" aria-hidden=\"true\" class=\"wp-block-spacer\"><\/div>\n\n\n\n<div class=\"wp-block-columns is-layout-flex wp-container-core-columns-is-layout-9d6595d7 wp-block-columns-is-layout-flex\">\n<div class=\"wp-block-column is-layout-flow wp-block-column-is-layout-flow\"><div class=\"wp-block-image\">\n<figure class=\"aligncenter size-large is-resized\"><img loading=\"lazy\" decoding=\"async\" width=\"849\" height=\"1024\" src=\"https:\/\/genero.congresocdmx.gob.mx\/wp-content\/uploads\/2025\/04\/LOGO-III-LEGISLATURA-ESCUDO-849x1024.png\" alt=\"\" class=\"wp-image-8927\" style=\"aspect-ratio:0.8291252955082742;width:174px;height:auto\" srcset=\"https:\/\/genero.congresocdmx.gob.mx\/wp-content\/uploads\/2025\/04\/LOGO-III-LEGISLATURA-ESCUDO-849x1024.png 849w, https:\/\/genero.congresocdmx.gob.mx\/wp-content\/uploads\/2025\/04\/LOGO-III-LEGISLATURA-ESCUDO-249x300.png 249w, https:\/\/genero.congresocdmx.gob.mx\/wp-content\/uploads\/2025\/04\/LOGO-III-LEGISLATURA-ESCUDO-768x926.png 768w, https:\/\/genero.congresocdmx.gob.mx\/wp-content\/uploads\/2025\/04\/LOGO-III-LEGISLATURA-ESCUDO.png 936w\" sizes=\"auto, (max-width: 849px) 100vw, 849px\" \/><\/figure>\n<\/div><\/div>\n\n\n\n<div class=\"wp-block-column is-layout-flow wp-block-column-is-layout-flow\">\n<p class=\"has-text-align-center\"><strong>Base Legislativa III Legislatura <\/strong><\/p>\n\n\n\n<p class=\"has-text-align-center\">Seguimiento Legislativo sobre los Derechos Humanos de las Mujeres e Igualdad de G\u00e9nero Segundo a\u00f1o Legislativo enero-marzo 2026<\/p>\n\n\n\n<p><\/p>\n<\/div>\n\n\n\n<div class=\"wp-block-column is-layout-flow wp-block-column-is-layout-flow\">\n<div class=\"wp-block-buttons is-content-justification-center is-layout-flex wp-container-core-buttons-is-layout-28206b41 wp-block-buttons-is-layout-flex\">\n<div class=\"wp-block-button\"><a class=\"wp-block-button__link wp-element-button\" href=\"https:\/\/genero.congresocdmx.gob.mx\/wp-content\/uploads\/2026\/04\/BASE-LEGISLATIVA.xlsx\">Descargar archivo <\/a><\/div>\n<\/div>\n<\/div>\n<\/div>\n\n\n\n<hr class=\"wp-block-separator has-alpha-channel-opacity\"\/>\n\n\n\n<p><\/p>\n\n\n\n<div class=\"wp-block-columns is-layout-flex wp-container-core-columns-is-layout-9d6595d7 wp-block-columns-is-layout-flex\">\n<div class=\"wp-block-column is-layout-flow wp-block-column-is-layout-flow\"><div class=\"wp-block-image\">\n<figure class=\"aligncenter size-large is-resized\"><img loading=\"lazy\" decoding=\"async\" width=\"849\" height=\"1024\" src=\"https:\/\/genero.congresocdmx.gob.mx\/wp-content\/uploads\/2025\/04\/LOGO-III-LEGISLATURA-ESCUDO-849x1024.png\" alt=\"\" class=\"wp-image-8927\" style=\"width:155px;height:187px\" srcset=\"https:\/\/genero.congresocdmx.gob.mx\/wp-content\/uploads\/2025\/04\/LOGO-III-LEGISLATURA-ESCUDO-849x1024.png 849w, https:\/\/genero.congresocdmx.gob.mx\/wp-content\/uploads\/2025\/04\/LOGO-III-LEGISLATURA-ESCUDO-249x300.png 249w, https:\/\/genero.congresocdmx.gob.mx\/wp-content\/uploads\/2025\/04\/LOGO-III-LEGISLATURA-ESCUDO-768x926.png 768w, https:\/\/genero.congresocdmx.gob.mx\/wp-content\/uploads\/2025\/04\/LOGO-III-LEGISLATURA-ESCUDO.png 936w\" sizes=\"auto, (max-width: 849px) 100vw, 849px\" \/><\/figure>\n<\/div><\/div>\n\n\n\n<div class=\"wp-block-column is-layout-flow wp-block-column-is-layout-flow\">\n<p class=\"has-text-align-center has-medium-font-size\"><strong>Base Legislativa III Legislatura<\/strong><\/p>\n\n\n\n<p class=\"has-text-align-center\">Seguimiento Legislativo sobre los Derechos Humanos de las Mujeres e Igualdad de G\u00e9nero. <strong>1 de enero al 30 de diciembre de 2025<\/strong>.<\/p>\n<\/div>\n\n\n\n<div class=\"wp-block-column is-vertically-aligned-center is-layout-flow wp-block-column-is-layout-flow\">\n<div class=\"wp-block-buttons is-layout-flex wp-block-buttons-is-layout-flex\">\n<div class=\"wp-block-button\"><a class=\"wp-block-button__link wp-element-button\" href=\"https:\/\/genero.congresocdmx.gob.mx\/wp-content\/uploads\/2026\/04\/BASE-LEGISLATIVA-ENERO-DICIEMBRE.xlsx\">Descargar archivo<\/a><\/div>\n<\/div>\n<\/div>\n<\/div>\n\n\n\n<p class=\"has-text-align-center\"><em>Centro de Estudios Legislativos para la Igualdad de G\u00e9nero<\/em><\/p>\n\n\n\n<div class=\"wp-block-columns is-layout-flex wp-container-core-columns-is-layout-9d6595d7 wp-block-columns-is-layout-flex\">\n<div class=\"wp-block-column is-layout-flow wp-block-column-is-layout-flow\"><div class=\"wp-block-image\">\n<figure class=\"aligncenter size-large is-resized\"><img loading=\"lazy\" decoding=\"async\" width=\"849\" height=\"1024\" src=\"https:\/\/genero.congresocdmx.gob.mx\/wp-content\/uploads\/2025\/01\/LOGO-III-LEGISLATURA-ESCUDO-849x1024.png\" alt=\"\" class=\"wp-image-8846\" style=\"width:140px;height:169px\" srcset=\"https:\/\/genero.congresocdmx.gob.mx\/wp-content\/uploads\/2025\/01\/LOGO-III-LEGISLATURA-ESCUDO-849x1024.png 849w, https:\/\/genero.congresocdmx.gob.mx\/wp-content\/uploads\/2025\/01\/LOGO-III-LEGISLATURA-ESCUDO-249x300.png 249w, https:\/\/genero.congresocdmx.gob.mx\/wp-content\/uploads\/2025\/01\/LOGO-III-LEGISLATURA-ESCUDO-768x926.png 768w, https:\/\/genero.congresocdmx.gob.mx\/wp-content\/uploads\/2025\/01\/LOGO-III-LEGISLATURA-ESCUDO.png 936w\" sizes=\"auto, (max-width: 849px) 100vw, 849px\" \/><\/figure>\n<\/div>\n\n\n<p><\/p>\n<\/div>\n\n\n\n<div class=\"wp-block-column is-layout-flow wp-block-column-is-layout-flow\">\n<p class=\"has-text-align-center\"> Seguimiento legislativo sobre los Derechos Humanos de las Mujeres e Igualdad de G\u00e9nero. III Legislatura<strong> 1 Septiembre al 31 de diciembre de 2024.<\/strong> <\/p>\n<\/div>\n\n\n\n<div class=\"wp-block-column is-layout-flow wp-block-column-is-layout-flow\">\n<div class=\"wp-block-buttons is-layout-flex wp-block-buttons-is-layout-flex\">\n<div class=\"wp-block-button\"><a class=\"wp-block-button__link wp-element-button\" href=\"https:\/\/genero.congresocdmx.gob.mx\/wp-content\/uploads\/2025\/01\/Base-Legislativa-Sep-diciembre-2024.xlsx\">Descargar archivo <\/a><\/div>\n<\/div>\n\n\n\n<p><\/p>\n<\/div>\n<\/div>\n\n\n\n<div class=\"wp-block-columns is-layout-flex wp-container-core-columns-is-layout-9d6595d7 wp-block-columns-is-layout-flex\">\n<div class=\"wp-block-column is-layout-flow wp-block-column-is-layout-flow\"><div class=\"wp-block-image\">\n<figure class=\"aligncenter size-full is-resized\"><img loading=\"lazy\" decoding=\"async\" width=\"108\" height=\"124\" src=\"https:\/\/genero.congresocdmx.gob.mx\/wp-content\/uploads\/2021\/10\/cropped-Imagen-1.png\" alt=\"\" class=\"wp-image-7365\" style=\"width:159px;height:183px\"\/><\/figure>\n<\/div><\/div>\n\n\n\n<div class=\"wp-block-column is-layout-flow wp-block-column-is-layout-flow\">\n<p class=\"has-text-align-center\"><strong>Base legislativa II Legislatura.<\/strong><\/p>\n\n\n\n<p class=\"has-text-align-center\">Seguimiento legislativo sobre los Derechos  Humanos de las Mujeres e Igualdad de G\u00e9nero   <\/p>\n\n\n\n<p class=\"has-text-align-center\"><strong>II Legislatura de Septiembre del 2021 a febrero del 2024.<\/strong><\/p>\n<\/div>\n\n\n\n<div class=\"wp-block-column is-layout-flow wp-block-column-is-layout-flow\">\n<div class=\"wp-block-file\"><a href=\"https:\/\/genero.congresocdmx.gob.mx\/wp-content\/uploads\/2024\/09\/CELIG-BD-2a-LEG-SEPT-2021-AGOSTO-2024.xlsx\">CELIG-BD-2a-LEG-SEPT-2021-AGOSTO-2024<\/a><a href=\"https:\/\/genero.congresocdmx.gob.mx\/wp-content\/uploads\/2024\/09\/CELIG-BD-2a-LEG-SEPT-2021-AGOSTO-2024.xlsx\" class=\"wp-block-file__button wp-element-button\" download>Descarga<\/a><\/div>\n<\/div>\n<\/div>\n\n\n\n<h4 class=\"wp-block-heading has-text-align-right\"><a rel=\"noreferrer noopener\" href=\"https:\/\/genero.congresocdmx.gob.mx\/wp-content\/uploads\/2021\/09\/CELIG-BD-feb2019-agosto2021-1.xlsx\" data-type=\"URL\" data-id=\"https:\/\/genero.congresocdmx.gob.mx\/wp-content\/uploads\/2021\/09\/CELIG-BD-feb2019-agosto2021-1.xlsx\" target=\"_blank\">.<\/a><\/h4>\n\n\n\n<div class=\"wp-block-columns is-layout-flex wp-container-core-columns-is-layout-9d6595d7 wp-block-columns-is-layout-flex\">\n<div class=\"wp-block-column is-layout-flow wp-block-column-is-layout-flow\"><div class=\"wp-block-image\">\n<figure class=\"aligncenter size-large is-resized\"><img loading=\"lazy\" decoding=\"async\" width=\"874\" height=\"1024\" src=\"https:\/\/genero.congresocdmx.gob.mx\/wp-content\/uploads\/2019\/06\/logo-congreso-874x1024.png\" alt=\"\" class=\"wp-image-85\" style=\"width:152px;height:177px\" srcset=\"https:\/\/genero.congresocdmx.gob.mx\/wp-content\/uploads\/2019\/06\/logo-congreso-874x1024.png 874w, https:\/\/genero.congresocdmx.gob.mx\/wp-content\/uploads\/2019\/06\/logo-congreso-256x300.png 256w, https:\/\/genero.congresocdmx.gob.mx\/wp-content\/uploads\/2019\/06\/logo-congreso-768x900.png 768w, https:\/\/genero.congresocdmx.gob.mx\/wp-content\/uploads\/2019\/06\/logo-congreso-1140x1336.png 1140w, https:\/\/genero.congresocdmx.gob.mx\/wp-content\/uploads\/2019\/06\/logo-congreso.png 1323w\" sizes=\"auto, (max-width: 874px) 100vw, 874px\" \/><\/figure>\n<\/div><\/div>\n\n\n\n<div class=\"wp-block-column is-layout-flow wp-block-column-is-layout-flow\">\n<p class=\"has-text-align-center\"><strong>Base Legislativa I Legislatura<\/strong><\/p>\n\n\n\n<p><\/p>\n\n\n\n<p class=\"has-text-align-center\">Seguimiento legislativo sobre los Derechos Humanos de las Mujeres e Igualdad de G\u00e9nero. I Legislatura<strong> Febrero 2019 a agosto 2021.<\/strong><\/p>\n<\/div>\n\n\n\n<div class=\"wp-block-column is-layout-flow wp-block-column-is-layout-flow\">\n<div class=\"wp-block-file\"><a href=\"https:\/\/genero.congresocdmx.gob.mx\/wp-content\/uploads\/2022\/06\/CELIG-BD-feb2019-agosto2021-1-4.xlsx\">CELIG-BD-feb2019-agosto2021-1-4<\/a><a href=\"https:\/\/genero.congresocdmx.gob.mx\/wp-content\/uploads\/2022\/06\/CELIG-BD-feb2019-agosto2021-1-4.xlsx\" class=\"wp-block-file__button wp-element-button\" download>Descarga<\/a><\/div>\n<\/div>\n<\/div>\n\n\n\n<p><\/p>\n","protected":false},"excerpt":{"rendered":"<p>Base Legislativa El Centro de Estudios Legislativos para la Igualdad de G\u00e9nero del Congreso de la Ciudad de M\u00e9xico, durante los periodos ordinarios, extraordinarios y de receso realiza un&nbsp;seguimiento legislativo&nbsp;de las iniciativas y puntos de acuerdo que presentan durante la legislatura, en materia de derechos humanos y perspectiva de g\u00e9nero. Ver documento metodol\u00f3gico del seguimiento legislativo en este&nbsp;Link Base Legislativa III Legislatura Seguimiento Legislativo sobre los Derechos Humanos de las Mujeres e Igualdad de G\u00e9nero Segundo a\u00f1o Legislativo enero-marzo 2026 Base Legislativa III Legislatura Seguimiento Legislativo sobre los Derechos Humanos de las Mujeres e Igualdad de G\u00e9nero. 1 de enero al 30 de diciembre de 2025. Centro de Estudios Legislativos para la Igualdad de G\u00e9nero Seguimiento legislativo sobre los Derechos Humanos de las Mujeres e Igualdad de G\u00e9nero. III Legislatura 1 Septiembre al 31 de diciembre de 2024. Base legislativa II Legislatura. Seguimiento legislativo sobre los Derechos Humanos de las Mujeres e Igualdad de G\u00e9nero II Legislatura de Septiembre del 2021 a febrero del 2024. . Base Legislativa I Legislatura Seguimiento legislativo sobre los Derechos Humanos de las Mujeres e Igualdad de G\u00e9nero. I Legislatura Febrero 2019 a agosto 2021.<\/p>\n","protected":false},"author":1,"featured_media":0,"parent":0,"menu_order":0,"comment_status":"closed","ping_status":"closed","template":"","meta":{"footnotes":""},"class_list":["post-2285","page","type-page","status-publish","hentry"],"_links":{"self":[{"href":"https:\/\/genero.congresocdmx.gob.mx\/index.php\/wp-json\/wp\/v2\/pages\/2285","targetHints":{"allow":["GET"]}}],"collection":[{"href":"https:\/\/genero.congresocdmx.gob.mx\/index.php\/wp-json\/wp\/v2\/pages"}],"about":[{"href":"https:\/\/genero.congresocdmx.gob.mx\/index.php\/wp-json\/wp\/v2\/types\/page"}],"author":[{"embeddable":true,"href":"https:\/\/genero.congresocdmx.gob.mx\/index.php\/wp-json\/wp\/v2\/users\/1"}],"replies":[{"embeddable":true,"href":"https:\/\/genero.congresocdmx.gob.mx\/index.php\/wp-json\/wp\/v2\/comments?post=2285"}],"version-history":[{"count":79,"href":"https:\/\/genero.congresocdmx.gob.mx\/index.php\/wp-json\/wp\/v2\/pages\/2285\/revisions"}],"predecessor-version":[{"id":9421,"href":"https:\/\/genero.congresocdmx.gob.mx\/index.php\/wp-json\/wp\/v2\/pages\/2285\/revisions\/9421"}],"wp:attachment":[{"href":"https:\/\/genero.congresocdmx.gob.mx\/index.php\/wp-json\/wp\/v2\/media?parent=2285"}],"curies":[{"name":"wp","href":"https:\/\/api.w.org\/{rel}","templated":true}]}}