{"id":20,"date":"2019-06-14T19:45:42","date_gmt":"2019-06-15T00:45:42","guid":{"rendered":"http:\/\/genero.congresocdmx.gob.mx\/?page_id=20"},"modified":"2022-07-10T18:06:29","modified_gmt":"2022-07-10T23:06:29","slug":"publicaciones","status":"publish","type":"page","link":"https:\/\/genero.congresocdmx.gob.mx\/index.php\/publicaciones\/","title":{"rendered":"Difusi\u00f3n"},"content":{"rendered":"\n<h2 class=\"wp-block-heading\">Publicaciones del CELIG:<\/h2>\n\n\n\n<hr class=\"wp-block-separator\"\/>\n\n\n\n<p>El Centro de Estudios Legislativos para la Igualdad de G\u00e9nero realiza estudios en materia de derechos humanos de la mujer y equidad de g\u00e9nero, de acuerdo, con las metas planteadas en el Programa Anual de Trabajo, as\u00ed como, notas informativas, videos de foros realizados, infograf\u00edas y diversos materiales de consulta.<\/p>\n\n\n\n<p><a href=\"https:\/\/genero.congresocdmx.gob.mx\/index.php\/audios\/\">Audios<\/a><\/p>\n\n\n\n<p><a href=\"https:\/\/genero.congresocdmx.gob.mx\/index.php\/efemerides\/\">Efem\u00e9rides<\/a><\/p>\n\n\n\n<p><a href=\"http:\/\/genero.congresocdmx.gob.mx\/index.php\/estudios\">Estudios<\/a><\/p>\n\n\n\n<p><a href=\"https:\/\/genero.congresocdmx.gob.mx\/index.php\/folletos\/\" target=\"_blank\" rel=\"noreferrer noopener\" aria-label=\"Folletos (abre en una nueva pesta\u00f1a)\">Folletos<\/a><\/p>\n\n\n\n<p><a href=\"https:\/\/genero.congresocdmx.gob.mx\/index.php\/hojasinformativas\/\" target=\"_blank\" rel=\"noreferrer noopener\" aria-label=\"Hojas informativas (abre en una nueva pesta\u00f1a)\">Hojas informativas<\/a><\/p>\n\n\n\n<p><a href=\"https:\/\/genero.congresocdmx.gob.mx\/index.php\/infografias\/\">Infograf\u00edas<\/a><\/p>\n\n\n\n<p><a href=\"https:\/\/genero.congresocdmx.gob.mx\/index.php\/numeralias\/\" target=\"_blank\" rel=\"noreferrer noopener\" aria-label=\"Numeralias (abre en una nueva pesta\u00f1a)\">Numeralias<\/a><\/p>\n\n\n\n<p><a href=\"https:\/\/genero.congresocdmx.gob.mx\/index.php\/videos\/\">Videos<\/a><\/p>\n\n\n\n<p><a href=\"https:\/\/genero.congresocdmx.gob.mx\/index.php\/historico\/\" target=\"_blank\" rel=\"noreferrer noopener\">Hist\u00f3rico<\/a><\/p>\n\n\n\n<p><a href=\"https:\/\/genero.congresocdmx.gob.mx\/index.php\/opiniones-tecnicas-celig\/\">Opiniones t\u00e9cnicas<\/a><\/p>\n\n\n\n<hr class=\"wp-block-separator\"\/>\n\n\n\n<p><\/p>\n","protected":false},"excerpt":{"rendered":"<p>Publicaciones del CELIG: El Centro de Estudios Legislativos para la Igualdad de G\u00e9nero realiza estudios en materia de derechos humanos de la mujer y equidad de g\u00e9nero, de acuerdo, con las metas planteadas en el Programa Anual de Trabajo, as\u00ed como, notas informativas, videos de foros realizados, infograf\u00edas y diversos materiales de consulta. Audios Efem\u00e9rides Estudios Folletos Hojas informativas Infograf\u00edas Numeralias Videos Hist\u00f3rico Opiniones t\u00e9cnicas<\/p>\n","protected":false},"author":1,"featured_media":0,"parent":0,"menu_order":0,"comment_status":"closed","ping_status":"closed","template":"","meta":{"footnotes":""},"class_list":["post-20","page","type-page","status-publish","hentry"],"_links":{"self":[{"href":"https:\/\/genero.congresocdmx.gob.mx\/index.php\/wp-json\/wp\/v2\/pages\/20","targetHints":{"allow":["GET"]}}],"collection":[{"href":"https:\/\/genero.congresocdmx.gob.mx\/index.php\/wp-json\/wp\/v2\/pages"}],"about":[{"href":"https:\/\/genero.congresocdmx.gob.mx\/index.php\/wp-json\/wp\/v2\/types\/page"}],"author":[{"embeddable":true,"href":"https:\/\/genero.congresocdmx.gob.mx\/index.php\/wp-json\/wp\/v2\/users\/1"}],"replies":[{"embeddable":true,"href":"https:\/\/genero.congresocdmx.gob.mx\/index.php\/wp-json\/wp\/v2\/comments?post=20"}],"version-history":[{"count":27,"href":"https:\/\/genero.congresocdmx.gob.mx\/index.php\/wp-json\/wp\/v2\/pages\/20\/revisions"}],"predecessor-version":[{"id":7820,"href":"https:\/\/genero.congresocdmx.gob.mx\/index.php\/wp-json\/wp\/v2\/pages\/20\/revisions\/7820"}],"wp:attachment":[{"href":"https:\/\/genero.congresocdmx.gob.mx\/index.php\/wp-json\/wp\/v2\/media?parent=20"}],"curies":[{"name":"wp","href":"https:\/\/api.w.org\/{rel}","templated":true}]}}