{"id":1664,"date":"2019-11-13T12:13:59","date_gmt":"2019-11-13T18:13:59","guid":{"rendered":"https:\/\/genero.congresocdmx.gob.mx\/?page_id=1664"},"modified":"2020-03-08T22:35:26","modified_gmt":"2020-03-09T04:35:26","slug":"participaciones-del-celig","status":"publish","type":"page","link":"https:\/\/genero.congresocdmx.gob.mx\/index.php\/participaciones-del-celig\/","title":{"rendered":"Participaciones del CELIG"},"content":{"rendered":"\n<hr class=\"wp-block-separator\"\/>\n\n\n\n<p>El Centro de Estudios Legislativos para la\nIgualdad de G\u00e9nero en colaboraci\u00f3n con el Instituto Mexicano de la Radio (IMER),\ngrabaron una serie de audios que fueron presentados al aire, durante los meses\nde noviembre y diciembre, con los siguientes temas:<\/p>\n\n\n\n<table class=\"wp-block-table aligncenter\"><tbody><tr><td>\n  <strong>N\u00famero\n  de Audio<\/strong>\n  <\/td><td>\n  <strong>Temas<\/strong><strong><\/strong>\n  <\/td><\/tr><tr><td>\n  11\n  <\/td><td>   Econom\u00eda del cuidado    <\/td><\/tr><tr><td>\n  12\n  <\/td><td>   Discriminaci\u00f3n laboral por g\u00e9nero    <\/td><\/tr><tr><td>\n  13\n  <\/td><td>   Econom\u00eda feminista   <\/td><\/tr><tr><td>\n  14\n  <\/td><td>   Mercado laboral y g\u00e9nero   <\/td><\/tr><tr><td>\n  15\n  <\/td><td>\n  Gasto diferenciado entre mujeres y hombres \n  <\/td><\/tr><\/tbody><\/table>\n\n\n\n<hr class=\"wp-block-separator is-style-dots\"\/>\n\n\n\n<p style=\"text-align:center\" class=\"has-small-font-size\"> 11.  Econom\u00eda del cuidado <\/p>\n\n\n\n<figure class=\"wp-block-audio\"><audio controls src=\"https:\/\/genero.congresocdmx.gob.mx\/wp-content\/uploads\/2020\/01\/11-Una-palabra-cada-mujer-un-feminismo-Cuidado-de-las-personas-14102019-1.wav\"><\/audio><\/figure>\n\n\n\n<hr class=\"wp-block-separator\"\/>\n\n\n\n<p style=\"text-align:center\" class=\"has-small-font-size\">12.    Discriminaci\u00f3n laboral por g\u00e9nero<\/p>\n\n\n\n<figure class=\"wp-block-audio\"><audio controls src=\"https:\/\/genero.congresocdmx.gob.mx\/wp-content\/uploads\/2020\/01\/12-Una-palabra-cada-mujer-un-feminismo-Discriminacio\u0301n-por-sexo-en-el-trabajo-15102019.wav\"><\/audio><\/figure>\n\n\n\n<hr class=\"wp-block-separator\"\/>\n\n\n\n<p style=\"text-align:center\" class=\"has-small-font-size\">13.    Econom\u00eda feminista <\/p>\n\n\n\n<figure class=\"wp-block-audio\"><audio controls src=\"https:\/\/genero.congresocdmx.gob.mx\/wp-content\/uploads\/2020\/01\/13-Una-palabra-cada-mujer-un-feminismo-Economi\u0301a-Feminista-16102019.wav\"><\/audio><figcaption> <\/figcaption><\/figure>\n\n\n\n<hr class=\"wp-block-separator\"\/>\n\n\n\n<p style=\"text-align:center\" class=\"has-small-font-size\">14.   Mercado laboral y g\u00e9nero <\/p>\n\n\n\n<figure class=\"wp-block-audio\"><audio controls src=\"https:\/\/genero.congresocdmx.gob.mx\/wp-content\/uploads\/2020\/01\/14-Una-palabra-cada-mujer-un-feminismo-Trabajo-no-remunerado-17102019.wav\"><\/audio><\/figure>\n\n\n\n<hr class=\"wp-block-separator\"\/>\n\n\n\n<p style=\"text-align:center\" class=\"has-small-font-size\">15.    Gasto diferenciado entre mujeres y hombres <\/p>\n\n\n\n<figure class=\"wp-block-audio\"><audio controls src=\"https:\/\/genero.congresocdmx.gob.mx\/wp-content\/uploads\/2020\/01\/15-Una-palabra-cada-mujer-un-feminismo-Uso-diferenciado-del-dinero-entre-hombres-y-mujeres-18102019-1.wav\"><\/audio><\/figure>\n\n\n\n<div style=\"height:31px\" aria-hidden=\"true\" class=\"wp-block-spacer\"><\/div>\n\n\n\n<hr class=\"wp-block-separator\"\/>\n\n\n\n<p style=\"text-align:left\">Para el desarrollo de la actividad se cont\u00f3 con la participaci\u00f3n Angelica Soriano L\u00f3pez (IMER) y Yaucalli Mancillas L\u00f3pez (CELIG).<\/p>\n\n\n\n<div class=\"wp-block-file aligncenter\"><a href=\"https:\/\/drive.google.com\/file\/d\/1Wyf-Y8D8YFThPGenH2BXCCHiNEoWrn15\/view?usp=sharing\"><br><strong>FORO: &#8220;Presupuesto p\u00fablico como instrumento de transformaci\u00f3n y promotor de pol\u00edticas de igualdad en la Ciudad de M\u00e9xico&#8221;<\/strong><\/a><a href=\"https:\/\/drive.google.com\/file\/d\/1Wyf-Y8D8YFThPGenH2BXCCHiNEoWrn15\/view?usp=sharing\" class=\"wp-block-file__button\" download>Descarga<\/a><\/div>\n\n\n\n<hr class=\"wp-block-separator\"\/>\n","protected":false},"excerpt":{"rendered":"<p>El Centro de Estudios Legislativos para la Igualdad de G\u00e9nero en colaboraci\u00f3n con el Instituto Mexicano de la Radio (IMER), grabaron una serie de audios que fueron presentados al aire, durante los meses de noviembre y diciembre, con los siguientes temas: N\u00famero de Audio Temas 11 Econom\u00eda del cuidado 12 Discriminaci\u00f3n laboral por g\u00e9nero 13 Econom\u00eda feminista 14 Mercado laboral y g\u00e9nero 15 Gasto diferenciado entre mujeres y hombres 11. Econom\u00eda del cuidado 12. Discriminaci\u00f3n laboral por g\u00e9nero 13. Econom\u00eda feminista 14. Mercado laboral y g\u00e9nero 15. Gasto diferenciado entre mujeres y hombres Para el desarrollo de la actividad se cont\u00f3 con la participaci\u00f3n Angelica Soriano L\u00f3pez (IMER) y Yaucalli Mancillas L\u00f3pez (CELIG).<\/p>\n","protected":false},"author":1,"featured_media":0,"parent":0,"menu_order":0,"comment_status":"closed","ping_status":"closed","template":"","meta":{"footnotes":""},"class_list":["post-1664","page","type-page","status-publish","hentry"],"_links":{"self":[{"href":"https:\/\/genero.congresocdmx.gob.mx\/index.php\/wp-json\/wp\/v2\/pages\/1664","targetHints":{"allow":["GET"]}}],"collection":[{"href":"https:\/\/genero.congresocdmx.gob.mx\/index.php\/wp-json\/wp\/v2\/pages"}],"about":[{"href":"https:\/\/genero.congresocdmx.gob.mx\/index.php\/wp-json\/wp\/v2\/types\/page"}],"author":[{"embeddable":true,"href":"https:\/\/genero.congresocdmx.gob.mx\/index.php\/wp-json\/wp\/v2\/users\/1"}],"replies":[{"embeddable":true,"href":"https:\/\/genero.congresocdmx.gob.mx\/index.php\/wp-json\/wp\/v2\/comments?post=1664"}],"version-history":[{"count":20,"href":"https:\/\/genero.congresocdmx.gob.mx\/index.php\/wp-json\/wp\/v2\/pages\/1664\/revisions"}],"predecessor-version":[{"id":2676,"href":"https:\/\/genero.congresocdmx.gob.mx\/index.php\/wp-json\/wp\/v2\/pages\/1664\/revisions\/2676"}],"wp:attachment":[{"href":"https:\/\/genero.congresocdmx.gob.mx\/index.php\/wp-json\/wp\/v2\/media?parent=1664"}],"curies":[{"name":"wp","href":"https:\/\/api.w.org\/{rel}","templated":true}]}}