{"id":16,"date":"2019-06-14T19:44:05","date_gmt":"2019-06-15T00:44:05","guid":{"rendered":"http:\/\/genero.congresocdmx.gob.mx\/?page_id=16"},"modified":"2020-03-08T22:38:24","modified_gmt":"2020-03-09T04:38:24","slug":"quienessomos","status":"publish","type":"page","link":"https:\/\/genero.congresocdmx.gob.mx\/index.php\/quienessomos\/","title":{"rendered":"Qui\u00e9nes somos"},"content":{"rendered":"\n<div class=\"wp-block-image\"><figure class=\"aligncenter is-resized\"><img loading=\"lazy\" decoding=\"async\" src=\"http:\/\/genero.congresocdmx.gob.mx\/wp-content\/uploads\/2019\/06\/LOGO-CELIG-1024x301.jpg\" alt=\"\" class=\"wp-image-84\" width=\"379\" height=\"111\" srcset=\"https:\/\/genero.congresocdmx.gob.mx\/wp-content\/uploads\/2019\/06\/LOGO-CELIG-1024x301.jpg 1024w, https:\/\/genero.congresocdmx.gob.mx\/wp-content\/uploads\/2019\/06\/LOGO-CELIG-300x88.jpg 300w, https:\/\/genero.congresocdmx.gob.mx\/wp-content\/uploads\/2019\/06\/LOGO-CELIG-768x226.jpg 768w, https:\/\/genero.congresocdmx.gob.mx\/wp-content\/uploads\/2019\/06\/LOGO-CELIG-1140x336.jpg 1140w\" sizes=\"auto, (max-width: 379px) 100vw, 379px\" \/><\/figure><\/div>\n\n\n\n<hr class=\"wp-block-separator\"\/>\n\n\n\n<ul class=\"wp-block-list\"><li><strong>Antecedentes<\/strong><\/li><\/ul>\n\n\n\n<p>El Centro de Estudios Legislativos para la Igualdad de G\u00e9nero (CELIG) del Congreso de la Ciudad de M\u00e9xico, se cre\u00f3 por Ley Org\u00e1nica del Congreso de la Ciudad de M\u00e9xico, el cuatro de mayo de 2018, e inici\u00f3 operaciones el primero de enero de 2019.<\/p>\n\n\n\n<ul class=\"wp-block-list\"><li><strong>Misi\u00f3n<\/strong><\/li><\/ul>\n\n\n\n<p>Fortalecer las\nactividades legislativas en materia de derechos humanos de las mujeres mediante\nestudios e investigaciones, a fin de promover la igualdad de g\u00e9nero en el\nquehacer legislativo del Congreso de la Ciudad de M\u00e9xico.<\/p>\n\n\n\n<ul class=\"wp-block-list\"><li><strong>Visi\u00f3n<\/strong><\/li><\/ul>\n\n\n\n<p>Consolidarse como el\n\u00f3rgano t\u00e9cnico por excelencia en orientar a las y los diputados del Congreso de\nla Ciudad de M\u00e9xico, en la labor legislativa con perspectiva de g\u00e9nero. <\/p>\n\n\n\n<ul class=\"wp-block-list\"><li><strong>Objetivo<\/strong><\/li><\/ul>\n\n\n\n<p>Establecer, coordinar,\nsistematizar, elaborar y difundir investigaciones y estudios sobre la situaci\u00f3n\nde las mujeres y los hombres en la Ciudad de M\u00e9xico, con la finalidad de apoyar\nt\u00e9cnicamente el trabajo legislativo para el avance de la igualdad de g\u00e9nero y\nlos derechos humanos de las mujeres, de manera objetiva, imparcial y oportuna. <\/p>\n\n\n\n<ul class=\"wp-block-list\"><li><strong>Marco Normativo<\/strong><strong><\/strong><\/li><\/ul>\n\n\n\n<p>Manual de Organizaci\u00f3n del Centro de Estudios Legislativos para la Igualdad de G\u00e9nero.<\/p>\n\n\n\n<p>Manual de Pol\u00edticas y Procedimiento del Centro de Estudios Legislativos para la Igualdad de G\u00e9nero.<\/p>\n","protected":false},"excerpt":{"rendered":"<p>Antecedentes El Centro de Estudios Legislativos para la Igualdad de G\u00e9nero (CELIG) del Congreso de la Ciudad de M\u00e9xico, se cre\u00f3 por Ley Org\u00e1nica del Congreso de la Ciudad de M\u00e9xico, el cuatro de mayo de 2018, e inici\u00f3 operaciones el primero de enero de 2019. Misi\u00f3n Fortalecer las actividades legislativas en materia de derechos humanos de las mujeres mediante estudios e investigaciones, a fin de promover la igualdad de g\u00e9nero en el quehacer legislativo del Congreso de la Ciudad de M\u00e9xico. Visi\u00f3n Consolidarse como el \u00f3rgano t\u00e9cnico por excelencia en orientar a las y los diputados del Congreso de la Ciudad de M\u00e9xico, en la labor legislativa con perspectiva de g\u00e9nero. Objetivo Establecer, coordinar, sistematizar, elaborar y difundir investigaciones y estudios sobre la situaci\u00f3n de las mujeres y los hombres en la Ciudad de M\u00e9xico, con la finalidad de apoyar t\u00e9cnicamente el trabajo legislativo para el avance de la igualdad de g\u00e9nero y los derechos humanos de las mujeres, de manera objetiva, imparcial y oportuna. Marco Normativo Manual de Organizaci\u00f3n del Centro de Estudios Legislativos para la Igualdad de G\u00e9nero. Manual de Pol\u00edticas y Procedimiento del Centro de Estudios Legislativos para la Igualdad de G\u00e9nero.<\/p>\n","protected":false},"author":1,"featured_media":0,"parent":0,"menu_order":0,"comment_status":"closed","ping_status":"closed","template":"","meta":{"footnotes":""},"class_list":["post-16","page","type-page","status-publish","hentry"],"_links":{"self":[{"href":"https:\/\/genero.congresocdmx.gob.mx\/index.php\/wp-json\/wp\/v2\/pages\/16","targetHints":{"allow":["GET"]}}],"collection":[{"href":"https:\/\/genero.congresocdmx.gob.mx\/index.php\/wp-json\/wp\/v2\/pages"}],"about":[{"href":"https:\/\/genero.congresocdmx.gob.mx\/index.php\/wp-json\/wp\/v2\/types\/page"}],"author":[{"embeddable":true,"href":"https:\/\/genero.congresocdmx.gob.mx\/index.php\/wp-json\/wp\/v2\/users\/1"}],"replies":[{"embeddable":true,"href":"https:\/\/genero.congresocdmx.gob.mx\/index.php\/wp-json\/wp\/v2\/comments?post=16"}],"version-history":[{"count":16,"href":"https:\/\/genero.congresocdmx.gob.mx\/index.php\/wp-json\/wp\/v2\/pages\/16\/revisions"}],"predecessor-version":[{"id":3124,"href":"https:\/\/genero.congresocdmx.gob.mx\/index.php\/wp-json\/wp\/v2\/pages\/16\/revisions\/3124"}],"wp:attachment":[{"href":"https:\/\/genero.congresocdmx.gob.mx\/index.php\/wp-json\/wp\/v2\/media?parent=16"}],"curies":[{"name":"wp","href":"https:\/\/api.w.org\/{rel}","templated":true}]}}